{"id":219,"date":"2022-01-14T11:38:29","date_gmt":"2022-01-14T10:38:29","guid":{"rendered":"https:\/\/m81-2022.m81.eu\/?page_id=219"},"modified":"2023-12-19T13:20:45","modified_gmt":"2023-12-19T12:20:45","slug":"telechargements-old","status":"publish","type":"page","link":"https:\/\/www.m81.eu\/fr\/telechargements-old\/","title":{"rendered":"T\u00e9l\u00e9chargements"},"content":{"rendered":"Vous devez \u00eatre connect\u00e9 pour voir ce contenu.","protected":false},"excerpt":{"rendered":"Vous devez \u00eatre connect\u00e9 pour voir ce contenu.","protected":false},"author":1,"featured_media":0,"parent":0,"menu_order":0,"comment_status":"closed","ping_status":"closed","template":"","meta":{"footnotes":""},"class_list":["post-219","page","type-page","status-publish","hentry"],"yoast_head":"<!-- This site is optimized with the Yoast SEO plugin v25.6 - https:\/\/yoast.com\/wordpress\/plugins\/seo\/ -->\n<title>T\u00e9l\u00e9chargements - M81<\/title>\n<meta name=\"robots\" content=\"index, follow, max-snippet:-1, max-image-preview:large, max-video-preview:-1\" \/>\n<link rel=\"canonical\" href=\"https:\/\/www.m81.eu\/fr\/telechargements-old\/\" \/>\n<meta property=\"og:locale\" content=\"fr_FR\" \/>\n<meta property=\"og:type\" content=\"article\" \/>\n<meta property=\"og:title\" content=\"T\u00e9l\u00e9chargements - M81\" \/>\n<meta property=\"og:description\" content=\"Ce contenu n\u2019est accessible qu\u2019aux membres du site. Si vous \u00eates inscrit, veuillez vous connecter. Les nouveaux utilisateurs peuvent s&#039;inscrire ci-dessous.Connexion pour les utilisateurs enregistr\u00e9sIdentifiant ou e-mailMot de passe&nbsp;Se souvenir de moi&nbsp;&nbsp;\" \/>\n<meta property=\"og:url\" content=\"https:\/\/www.m81.eu\/fr\/telechargements-old\/\" \/>\n<meta property=\"og:site_name\" content=\"M81\" \/>\n<meta property=\"article:modified_time\" content=\"2023-12-19T12:20:45+00:00\" \/>\n<meta property=\"og:image\" content=\"https:\/\/m81.eu\/wp-content\/uploads\/2015\/11\/LOGO_Flash-for-i-400px1-300x160.png\" \/>\n<meta name=\"twitter:card\" content=\"summary_large_image\" \/>\n<meta name=\"twitter:label1\" content=\"Dur\u00e9e de lecture estim\u00e9e\" \/>\n\t<meta name=\"twitter:data1\" content=\"2 minutes\" \/>\n<script type=\"application\/ld+json\" class=\"yoast-schema-graph\">{\"@context\":\"https:\/\/schema.org\",\"@graph\":[{\"@type\":\"WebPage\",\"@id\":\"https:\/\/www.m81.eu\/fr\/telechargements-old\/\",\"url\":\"https:\/\/www.m81.eu\/fr\/telechargements-old\/\",\"name\":\"T\u00e9l\u00e9chargements - M81\",\"isPartOf\":{\"@id\":\"https:\/\/www.m81.eu\/#website\"},\"primaryImageOfPage\":{\"@id\":\"https:\/\/www.m81.eu\/fr\/telechargements-old\/#primaryimage\"},\"image\":{\"@id\":\"https:\/\/www.m81.eu\/fr\/telechargements-old\/#primaryimage\"},\"thumbnailUrl\":\"https:\/\/m81.eu\/wp-content\/uploads\/2015\/11\/LOGO_Flash-for-i-400px1-300x160.png\",\"datePublished\":\"2022-01-14T10:38:29+00:00\",\"dateModified\":\"2023-12-19T12:20:45+00:00\",\"breadcrumb\":{\"@id\":\"https:\/\/www.m81.eu\/fr\/telechargements-old\/#breadcrumb\"},\"inLanguage\":\"fr-FR\",\"potentialAction\":[{\"@type\":\"ReadAction\",\"target\":[\"https:\/\/www.m81.eu\/fr\/telechargements-old\/\"]}]},{\"@type\":\"ImageObject\",\"inLanguage\":\"fr-FR\",\"@id\":\"https:\/\/www.m81.eu\/fr\/telechargements-old\/#primaryimage\",\"url\":\"https:\/\/m81.eu\/wp-content\/uploads\/2015\/11\/LOGO_Flash-for-i-400px1-300x160.png\",\"contentUrl\":\"https:\/\/m81.eu\/wp-content\/uploads\/2015\/11\/LOGO_Flash-for-i-400px1-300x160.png\"},{\"@type\":\"BreadcrumbList\",\"@id\":\"https:\/\/www.m81.eu\/fr\/telechargements-old\/#breadcrumb\",\"itemListElement\":[{\"@type\":\"ListItem\",\"position\":1,\"name\":\"Accueil\",\"item\":\"https:\/\/www.m81.eu\/fr\/accueil\/\"},{\"@type\":\"ListItem\",\"position\":2,\"name\":\"T\u00e9l\u00e9chargements\"}]},{\"@type\":\"WebSite\",\"@id\":\"https:\/\/www.m81.eu\/#website\",\"url\":\"https:\/\/www.m81.eu\/\",\"name\":\"M81\",\"description\":\"M81 - IBM i EDITOR\",\"publisher\":{\"@id\":\"https:\/\/www.m81.eu\/#organization\"},\"potentialAction\":[{\"@type\":\"SearchAction\",\"target\":{\"@type\":\"EntryPoint\",\"urlTemplate\":\"https:\/\/www.m81.eu\/?s={search_term_string}\"},\"query-input\":{\"@type\":\"PropertyValueSpecification\",\"valueRequired\":true,\"valueName\":\"search_term_string\"}}],\"inLanguage\":\"fr-FR\"},{\"@type\":\"Organization\",\"@id\":\"https:\/\/www.m81.eu\/#organization\",\"name\":\"M81\",\"url\":\"https:\/\/www.m81.eu\/\",\"logo\":{\"@type\":\"ImageObject\",\"inLanguage\":\"fr-FR\",\"@id\":\"https:\/\/www.m81.eu\/#\/schema\/logo\/image\/\",\"url\":\"https:\/\/m81-2022.m81.eu\/wp-content\/uploads\/2022\/01\/Logo_M81.jpg\",\"contentUrl\":\"https:\/\/m81-2022.m81.eu\/wp-content\/uploads\/2022\/01\/Logo_M81.jpg\",\"width\":458,\"height\":252,\"caption\":\"M81\"},\"image\":{\"@id\":\"https:\/\/www.m81.eu\/#\/schema\/logo\/image\/\"}}]}<\/script>\n<!-- \/ Yoast SEO plugin. -->","yoast_head_json":{"title":"T\u00e9l\u00e9chargements - M81","robots":{"index":"index","follow":"follow","max-snippet":"max-snippet:-1","max-image-preview":"max-image-preview:large","max-video-preview":"max-video-preview:-1"},"canonical":"https:\/\/www.m81.eu\/fr\/telechargements-old\/","og_locale":"fr_FR","og_type":"article","og_title":"T\u00e9l\u00e9chargements - M81","og_description":"Ce contenu n\u2019est accessible qu\u2019aux membres du site. Si vous \u00eates inscrit, veuillez vous connecter. Les nouveaux utilisateurs peuvent s'inscrire ci-dessous.Connexion pour les utilisateurs enregistr\u00e9sIdentifiant ou e-mailMot de passe&nbsp;Se souvenir de moi&nbsp;&nbsp;","og_url":"https:\/\/www.m81.eu\/fr\/telechargements-old\/","og_site_name":"M81","article_modified_time":"2023-12-19T12:20:45+00:00","og_image":[{"url":"https:\/\/m81.eu\/wp-content\/uploads\/2015\/11\/LOGO_Flash-for-i-400px1-300x160.png","type":"","width":"","height":""}],"twitter_card":"summary_large_image","twitter_misc":{"Dur\u00e9e de lecture estim\u00e9e":"2 minutes"},"schema":{"@context":"https:\/\/schema.org","@graph":[{"@type":"WebPage","@id":"https:\/\/www.m81.eu\/fr\/telechargements-old\/","url":"https:\/\/www.m81.eu\/fr\/telechargements-old\/","name":"T\u00e9l\u00e9chargements - M81","isPartOf":{"@id":"https:\/\/www.m81.eu\/#website"},"primaryImageOfPage":{"@id":"https:\/\/www.m81.eu\/fr\/telechargements-old\/#primaryimage"},"image":{"@id":"https:\/\/www.m81.eu\/fr\/telechargements-old\/#primaryimage"},"thumbnailUrl":"https:\/\/m81.eu\/wp-content\/uploads\/2015\/11\/LOGO_Flash-for-i-400px1-300x160.png","datePublished":"2022-01-14T10:38:29+00:00","dateModified":"2023-12-19T12:20:45+00:00","breadcrumb":{"@id":"https:\/\/www.m81.eu\/fr\/telechargements-old\/#breadcrumb"},"inLanguage":"fr-FR","potentialAction":[{"@type":"ReadAction","target":["https:\/\/www.m81.eu\/fr\/telechargements-old\/"]}]},{"@type":"ImageObject","inLanguage":"fr-FR","@id":"https:\/\/www.m81.eu\/fr\/telechargements-old\/#primaryimage","url":"https:\/\/m81.eu\/wp-content\/uploads\/2015\/11\/LOGO_Flash-for-i-400px1-300x160.png","contentUrl":"https:\/\/m81.eu\/wp-content\/uploads\/2015\/11\/LOGO_Flash-for-i-400px1-300x160.png"},{"@type":"BreadcrumbList","@id":"https:\/\/www.m81.eu\/fr\/telechargements-old\/#breadcrumb","itemListElement":[{"@type":"ListItem","position":1,"name":"Accueil","item":"https:\/\/www.m81.eu\/fr\/accueil\/"},{"@type":"ListItem","position":2,"name":"T\u00e9l\u00e9chargements"}]},{"@type":"WebSite","@id":"https:\/\/www.m81.eu\/#website","url":"https:\/\/www.m81.eu\/","name":"M81","description":"M81 - IBM i EDITOR","publisher":{"@id":"https:\/\/www.m81.eu\/#organization"},"potentialAction":[{"@type":"SearchAction","target":{"@type":"EntryPoint","urlTemplate":"https:\/\/www.m81.eu\/?s={search_term_string}"},"query-input":{"@type":"PropertyValueSpecification","valueRequired":true,"valueName":"search_term_string"}}],"inLanguage":"fr-FR"},{"@type":"Organization","@id":"https:\/\/www.m81.eu\/#organization","name":"M81","url":"https:\/\/www.m81.eu\/","logo":{"@type":"ImageObject","inLanguage":"fr-FR","@id":"https:\/\/www.m81.eu\/#\/schema\/logo\/image\/","url":"https:\/\/m81-2022.m81.eu\/wp-content\/uploads\/2022\/01\/Logo_M81.jpg","contentUrl":"https:\/\/m81-2022.m81.eu\/wp-content\/uploads\/2022\/01\/Logo_M81.jpg","width":458,"height":252,"caption":"M81"},"image":{"@id":"https:\/\/www.m81.eu\/#\/schema\/logo\/image\/"}}]}},"_links":{"self":[{"href":"https:\/\/www.m81.eu\/fr\/wp-json\/wp\/v2\/pages\/219","targetHints":{"allow":["GET"]}}],"collection":[{"href":"https:\/\/www.m81.eu\/fr\/wp-json\/wp\/v2\/pages"}],"about":[{"href":"https:\/\/www.m81.eu\/fr\/wp-json\/wp\/v2\/types\/page"}],"author":[{"embeddable":true,"href":"https:\/\/www.m81.eu\/fr\/wp-json\/wp\/v2\/users\/1"}],"replies":[{"embeddable":true,"href":"https:\/\/www.m81.eu\/fr\/wp-json\/wp\/v2\/comments?post=219"}],"version-history":[{"count":15,"href":"https:\/\/www.m81.eu\/fr\/wp-json\/wp\/v2\/pages\/219\/revisions"}],"predecessor-version":[{"id":5580,"href":"https:\/\/www.m81.eu\/fr\/wp-json\/wp\/v2\/pages\/219\/revisions\/5580"}],"wp:attachment":[{"href":"https:\/\/www.m81.eu\/fr\/wp-json\/wp\/v2\/media?parent=219"}],"curies":[{"name":"wp","href":"https:\/\/api.w.org\/{rel}","templated":true}]}}