{"id":303,"date":"2022-01-14T15:59:24","date_gmt":"2022-01-14T14:59:24","guid":{"rendered":"https:\/\/m81-2022.m81.eu\/?page_id=303"},"modified":"2022-01-14T15:59:24","modified_gmt":"2022-01-14T14:59:24","slug":"mentions-legales","status":"publish","type":"page","link":"https:\/\/www.m81.eu\/fr\/mentions-legales\/","title":{"rendered":"Mentions l\u00e9gales"},"content":{"rendered":"<div class='flex_column av-av_one_full-a93934ecd89fbb8a9566d39e89cd3725 av_one_full  avia-builder-el-0  avia-builder-el-no-sibling  first flex_column_div '   ><style type=\"text\/css\" data-created_by=\"avia_inline_auto\" id=\"style-css-av-kyej0q05-945b166e308d667493cb4a292dec4b27\">\n.iconbox.av-kyej0q05-945b166e308d667493cb4a292dec4b27 .iconbox_icon{\nbackground-color:#2d2f83;\n}\n<\/style>\n<article  class='iconbox iconbox_top av-kyej0q05-945b166e308d667493cb4a292dec4b27  avia-builder-el-1  avia-builder-el-no-sibling  main_color'  itemscope=\"itemscope\" itemtype=\"https:\/\/schema.org\/CreativeWork\" ><div class=\"iconbox_content\"><header class=\"entry-content-header\"><div class=\"iconbox_icon heading-color\" aria-hidden='true' data-av_icon='\ue8c9' data-av_iconfont='entypo-fontello'><\/div><h3 class='iconbox_content_title '  itemprop=\"headline\" >Mentions l\u00e9gales<\/h3><\/header><div class='iconbox_content_container '  itemprop=\"text\" ><div id=\"contenu_mentions_legales\" style=\"text-align: justify;\">\n<p style=\"text-align: center;\"><strong>Nom du site :<\/strong><br \/>\nwww.m81.eu<br \/>\nDirecteur de la publication : M. Pascal Ruckebusch<\/p>\n<p style=\"text-align: center;\"><strong>Adresse<\/strong> :<br \/>\nM81, 141 AV FELIX FAURE<br \/>\n69003 Lyon<br \/>\nT\u00e9l : 06 89 05 76 55<br \/>\nRaison sociale : M81<br \/>\nSIRET : 80228984300012<\/p>\n<p style=\"text-align: center;\"><strong>Conception, r\u00e9alisation du site :<br \/>\n<\/strong>XL NET<br \/>\nAdresse : 30 rue Sylvain Simondan 69009 LYON<br \/>\nT\u00e9l: 06 09 74 04 23<\/p>\n<p style=\"text-align: center;\"><strong>Maintenance du site :<\/strong><br \/>\nXL NET<br \/>\nAdresse : 30 rue Sylvain Simondan 69009 Lyon<br \/>\nT\u00e9l: 06 09 74 04 23<\/p>\n<p style=\"text-align: center;\"><strong>H\u00e9bergement<\/strong> :<br \/>\nOVH<br \/>\nSAS au capital de 10 000 000 \u20ac<br \/>\nRCS Roubaix \u2013 Tourcoing 424 761 419 00045<br \/>\nCode APE 6202A<br \/>\nN\u00b0 TVA : FR 22 424 761 419<br \/>\nSi\u00e8ge social : 2 rue Kellermann \u2013 59100 Roubaix \u2013 France.<\/p>\n<hr \/>\n<p>L\u2019utilisateur du site Internet reconna\u00eet disposer de la comp\u00e9tence et des moyens n\u00e9cessaires pour acc\u00e9der et utiliser ce site. Il reconna\u00eet \u00e9galement avoir pris connaissance de la pr\u00e9sente notice l\u00e9gale et s\u2019engage \u00e0 la respecter.<\/p>\n<p>L\u2019utilisateur est inform\u00e9 que lors de ses visites sur le site, un cookie peut s\u2019installer automatiquement sur son logiciel de navigation. Un cookie est un \u00e9l\u00e9ment qui ne permet pas d\u2019identifier l\u2019utilisateur mais sert \u00e0 enregistrer des informations relatives \u00e0 la navigation de celui-ci sur le site Internet. L\u2019utilisateur pourra d\u00e9sactiver ce cookie par l\u2019interm\u00e9diaire des param\u00e8tres figurant au sein de son logiciel de navigation.<\/p>\n<p>L\u2019utilisateur dispose d\u2019un droit d\u2019acc\u00e8s, de modification, de rectification et de suppression des donn\u00e9es qui le concernent (article 34 de la loi \u00bb Informatique et Libert\u00e9s \u00ab ).<br \/>\nPour l\u2019exercer, l\u2019utilisateur peut s\u2019adresser aupr\u00e8s du Directeur de la publication vis\u00e9 plus haut.<\/p>\n<p>Toute repr\u00e9sentation totale ou partielle de ce site par quelque proc\u00e9d\u00e9 que ce soit, sans l\u2019autorisation expresse de l\u2019exploitant du site Internet est interdite et constituerait une contrefa\u00e7on sanctionn\u00e9e par les articles L 335-2 et suivants du Code de la propri\u00e9t\u00e9 intellectuelle.<\/p>\n<p>Il en est de m\u00eame des \u00e9ventuelles bases de donn\u00e9es figurant sur le site Internet qui sont prot\u00e9g\u00e9es par les dispositions de la loi du 11 juillet 1998 portant transposition dans le Code de la propri\u00e9t\u00e9 intellectuelle (CPI) de la directive europ\u00e9enne du 11 mars 1996 relative \u00e0 la protection juridique des bases de donn\u00e9es.<\/p>\n<p>Les marques de l\u2019exploitant du site Internet et de ses partenaires, ainsi que les logos figurant sur le site sont des \u00e9l\u00e9ments prot\u00e9g\u00e9s par les dispositions du droit de la propri\u00e9t\u00e9 intellectuelle et ne peuvent faire l\u2019objet, sans consentement du Directeur de la publication, d\u2019aucune reproduction ni repr\u00e9sentation partielle ou totale.<\/p>\n<p>Les liens hypertextes mis en place dans le cadre du site Internet en direction d\u2019autres ressources pr\u00e9sentes sur le r\u00e9seau de l\u2019Internet, et notamment vers ses partenaires ont fait l\u2019objet d\u2019une autorisation pr\u00e9alable expresse et \u00e9crite.<\/p>\n<p>Les utilisateurs visiteurs du site Internet ne peuvent mettre en place un hyperlien en direction de ces sites sans l\u2019autorisation expresse et pr\u00e9alable de l\u2019exploitant du site Internet.<\/p>\n<p>Le pr\u00e9sent site est la propri\u00e9t\u00e9 de M81, r\u00e9alis\u00e9 par <u><a href=\"http:\/\/www.xlnet.fr\/\">XL NET<\/a><\/u>, \u00e9tablissement situ\u00e9 au 30 rue Sylvain Simondan, 69009 LYON \u2013 T\u00e9l : 06 09 74 04 23<\/p>\n<\/div>\n<div id=\"contenu_mentions_legales\" style=\"text-align: justify;\"><\/div>\n<\/div><\/div><footer class=\"entry-footer\"><\/footer><\/article><\/div>\n","protected":false},"excerpt":{"rendered":"","protected":false},"author":1,"featured_media":0,"parent":0,"menu_order":0,"comment_status":"closed","ping_status":"closed","template":"","meta":{"footnotes":""},"class_list":["post-303","page","type-page","status-publish","hentry"],"yoast_head":"<!-- This site is optimized with the Yoast SEO plugin v25.6 - https:\/\/yoast.com\/wordpress\/plugins\/seo\/ -->\n<title>Mentions l\u00e9gales - M81<\/title>\n<meta name=\"robots\" content=\"index, follow, max-snippet:-1, max-image-preview:large, max-video-preview:-1\" \/>\n<link rel=\"canonical\" href=\"https:\/\/www.m81.eu\/fr\/mentions-legales\/\" \/>\n<meta property=\"og:locale\" content=\"fr_FR\" \/>\n<meta property=\"og:type\" content=\"article\" \/>\n<meta property=\"og:title\" content=\"Mentions l\u00e9gales - M81\" \/>\n<meta property=\"og:url\" content=\"https:\/\/www.m81.eu\/fr\/mentions-legales\/\" \/>\n<meta property=\"og:site_name\" content=\"M81\" \/>\n<meta name=\"twitter:card\" content=\"summary_large_image\" \/>\n<meta name=\"twitter:label1\" content=\"Dur\u00e9e de lecture estim\u00e9e\" \/>\n\t<meta name=\"twitter:data1\" content=\"4 minutes\" \/>\n<script type=\"application\/ld+json\" class=\"yoast-schema-graph\">{\"@context\":\"https:\/\/schema.org\",\"@graph\":[{\"@type\":\"WebPage\",\"@id\":\"https:\/\/www.m81.eu\/fr\/mentions-legales\/\",\"url\":\"https:\/\/www.m81.eu\/fr\/mentions-legales\/\",\"name\":\"Mentions l\u00e9gales - M81\",\"isPartOf\":{\"@id\":\"https:\/\/www.m81.eu\/#website\"},\"datePublished\":\"2022-01-14T14:59:24+00:00\",\"breadcrumb\":{\"@id\":\"https:\/\/www.m81.eu\/fr\/mentions-legales\/#breadcrumb\"},\"inLanguage\":\"fr-FR\",\"potentialAction\":[{\"@type\":\"ReadAction\",\"target\":[\"https:\/\/www.m81.eu\/fr\/mentions-legales\/\"]}]},{\"@type\":\"BreadcrumbList\",\"@id\":\"https:\/\/www.m81.eu\/fr\/mentions-legales\/#breadcrumb\",\"itemListElement\":[{\"@type\":\"ListItem\",\"position\":1,\"name\":\"Accueil\",\"item\":\"https:\/\/www.m81.eu\/fr\/accueil\/\"},{\"@type\":\"ListItem\",\"position\":2,\"name\":\"Mentions l\u00e9gales\"}]},{\"@type\":\"WebSite\",\"@id\":\"https:\/\/www.m81.eu\/#website\",\"url\":\"https:\/\/www.m81.eu\/\",\"name\":\"M81\",\"description\":\"M81 - IBM i EDITOR\",\"publisher\":{\"@id\":\"https:\/\/www.m81.eu\/#organization\"},\"potentialAction\":[{\"@type\":\"SearchAction\",\"target\":{\"@type\":\"EntryPoint\",\"urlTemplate\":\"https:\/\/www.m81.eu\/?s={search_term_string}\"},\"query-input\":{\"@type\":\"PropertyValueSpecification\",\"valueRequired\":true,\"valueName\":\"search_term_string\"}}],\"inLanguage\":\"fr-FR\"},{\"@type\":\"Organization\",\"@id\":\"https:\/\/www.m81.eu\/#organization\",\"name\":\"M81\",\"url\":\"https:\/\/www.m81.eu\/\",\"logo\":{\"@type\":\"ImageObject\",\"inLanguage\":\"fr-FR\",\"@id\":\"https:\/\/www.m81.eu\/#\/schema\/logo\/image\/\",\"url\":\"https:\/\/m81-2022.m81.eu\/wp-content\/uploads\/2022\/01\/Logo_M81.jpg\",\"contentUrl\":\"https:\/\/m81-2022.m81.eu\/wp-content\/uploads\/2022\/01\/Logo_M81.jpg\",\"width\":458,\"height\":252,\"caption\":\"M81\"},\"image\":{\"@id\":\"https:\/\/www.m81.eu\/#\/schema\/logo\/image\/\"}}]}<\/script>\n<!-- \/ Yoast SEO plugin. -->","yoast_head_json":{"title":"Mentions l\u00e9gales - M81","robots":{"index":"index","follow":"follow","max-snippet":"max-snippet:-1","max-image-preview":"max-image-preview:large","max-video-preview":"max-video-preview:-1"},"canonical":"https:\/\/www.m81.eu\/fr\/mentions-legales\/","og_locale":"fr_FR","og_type":"article","og_title":"Mentions l\u00e9gales - M81","og_url":"https:\/\/www.m81.eu\/fr\/mentions-legales\/","og_site_name":"M81","twitter_card":"summary_large_image","twitter_misc":{"Dur\u00e9e de lecture estim\u00e9e":"4 minutes"},"schema":{"@context":"https:\/\/schema.org","@graph":[{"@type":"WebPage","@id":"https:\/\/www.m81.eu\/fr\/mentions-legales\/","url":"https:\/\/www.m81.eu\/fr\/mentions-legales\/","name":"Mentions l\u00e9gales - M81","isPartOf":{"@id":"https:\/\/www.m81.eu\/#website"},"datePublished":"2022-01-14T14:59:24+00:00","breadcrumb":{"@id":"https:\/\/www.m81.eu\/fr\/mentions-legales\/#breadcrumb"},"inLanguage":"fr-FR","potentialAction":[{"@type":"ReadAction","target":["https:\/\/www.m81.eu\/fr\/mentions-legales\/"]}]},{"@type":"BreadcrumbList","@id":"https:\/\/www.m81.eu\/fr\/mentions-legales\/#breadcrumb","itemListElement":[{"@type":"ListItem","position":1,"name":"Accueil","item":"https:\/\/www.m81.eu\/fr\/accueil\/"},{"@type":"ListItem","position":2,"name":"Mentions l\u00e9gales"}]},{"@type":"WebSite","@id":"https:\/\/www.m81.eu\/#website","url":"https:\/\/www.m81.eu\/","name":"M81","description":"M81 - IBM i EDITOR","publisher":{"@id":"https:\/\/www.m81.eu\/#organization"},"potentialAction":[{"@type":"SearchAction","target":{"@type":"EntryPoint","urlTemplate":"https:\/\/www.m81.eu\/?s={search_term_string}"},"query-input":{"@type":"PropertyValueSpecification","valueRequired":true,"valueName":"search_term_string"}}],"inLanguage":"fr-FR"},{"@type":"Organization","@id":"https:\/\/www.m81.eu\/#organization","name":"M81","url":"https:\/\/www.m81.eu\/","logo":{"@type":"ImageObject","inLanguage":"fr-FR","@id":"https:\/\/www.m81.eu\/#\/schema\/logo\/image\/","url":"https:\/\/m81-2022.m81.eu\/wp-content\/uploads\/2022\/01\/Logo_M81.jpg","contentUrl":"https:\/\/m81-2022.m81.eu\/wp-content\/uploads\/2022\/01\/Logo_M81.jpg","width":458,"height":252,"caption":"M81"},"image":{"@id":"https:\/\/www.m81.eu\/#\/schema\/logo\/image\/"}}]}},"_links":{"self":[{"href":"https:\/\/www.m81.eu\/fr\/wp-json\/wp\/v2\/pages\/303","targetHints":{"allow":["GET"]}}],"collection":[{"href":"https:\/\/www.m81.eu\/fr\/wp-json\/wp\/v2\/pages"}],"about":[{"href":"https:\/\/www.m81.eu\/fr\/wp-json\/wp\/v2\/types\/page"}],"author":[{"embeddable":true,"href":"https:\/\/www.m81.eu\/fr\/wp-json\/wp\/v2\/users\/1"}],"replies":[{"embeddable":true,"href":"https:\/\/www.m81.eu\/fr\/wp-json\/wp\/v2\/comments?post=303"}],"version-history":[{"count":1,"href":"https:\/\/www.m81.eu\/fr\/wp-json\/wp\/v2\/pages\/303\/revisions"}],"predecessor-version":[{"id":304,"href":"https:\/\/www.m81.eu\/fr\/wp-json\/wp\/v2\/pages\/303\/revisions\/304"}],"wp:attachment":[{"href":"https:\/\/www.m81.eu\/fr\/wp-json\/wp\/v2\/media?parent=303"}],"curies":[{"name":"wp","href":"https:\/\/api.w.org\/{rel}","templated":true}]}}