{"id":4335,"date":"2022-10-06T08:55:46","date_gmt":"2022-10-06T06:55:46","guid":{"rendered":"https:\/\/www.m81.eu\/?page_id=4335"},"modified":"2026-04-19T17:43:38","modified_gmt":"2026-04-19T15:43:38","slug":"nouscontacter","status":"publish","type":"page","link":"https:\/\/www.m81.eu\/fr\/nouscontacter\/","title":{"rendered":"Nous contacter"},"content":{"rendered":"\n<style type=\"text\/css\" data-created_by=\"avia_inline_auto\" id=\"style-css-av-4kom09-e07d4cc8fc1212dc290c80d3e605d10f\">\n#top .flex_column.av-4kom09-e07d4cc8fc1212dc290c80d3e605d10f{\nmargin-top:0px;\nmargin-bottom:50px;\n}\n.flex_column.av-4kom09-e07d4cc8fc1212dc290c80d3e605d10f{\nborder-radius:0px 0px 0px 0px;\n-webkit-border-radius:0px 0px 0px 0px;\n-moz-border-radius:0px 0px 0px 0px;\n}\n.responsive #top #wrap_all .flex_column.av-4kom09-e07d4cc8fc1212dc290c80d3e605d10f{\nmargin-top:0px;\nmargin-bottom:50px;\n}\n<\/style>\n<div class='flex_column av-4kom09-e07d4cc8fc1212dc290c80d3e605d10f av_one_full  avia-builder-el-0  el_before_av_one_fourth  avia-builder-el-first  first flex_column_div av-zero-column-padding '   ><style type=\"text\/css\" data-created_by=\"avia_inline_auto\" id=\"style-css-av-4ffuhd-e7e0613184e2f5c168d39f67ba86abda\">\n.iconbox.av-4ffuhd-e7e0613184e2f5c168d39f67ba86abda .iconbox_icon{\nbackground-color:#2d2f83;\n}\n<\/style>\n<article  class='iconbox iconbox_top av-4ffuhd-e7e0613184e2f5c168d39f67ba86abda  avia-builder-el-1  avia-builder-el-no-sibling  main_color'  itemscope=\"itemscope\" itemtype=\"https:\/\/schema.org\/CreativeWork\" ><div class=\"iconbox_content\"><header class=\"entry-content-header\"><div class=\"iconbox_icon heading-color\" aria-hidden='true' data-av_icon='\ue805' data-av_iconfont='entypo-fontello'><\/div><h3 class='iconbox_content_title '  itemprop=\"headline\" >Contact<\/h3><\/header><div class='iconbox_content_container '  itemprop=\"text\" ><p style=\"text-align: center;\"><span style=\"font-size: 11pt;\">Ci-dessous nos coordonn\u00e9es et le formulaire pour nous envoyer un message<br \/>\n<\/span><\/p>\n<p style=\"text-align: center;\"><span style=\"font-size: 14pt;\">( NB : pour les demandes de <strong>SUPPORT<\/strong> et de <strong>Cl\u00e9 de Licence<\/strong>, merci d&#8217;envoyer un Mail \u00e0 <a href=\"mailto:support@m81.eu\">support@m81.eu<\/a> )<\/span><\/p>\n<\/div><\/div><footer class=\"entry-footer\"><\/footer><\/article><\/div>\n\n<style type=\"text\/css\" data-created_by=\"avia_inline_auto\" id=\"style-css-av-45nfr5-b7bcdde146f40520623e76e9a7d2893f\">\n.flex_column.av-45nfr5-b7bcdde146f40520623e76e9a7d2893f{\nborder-radius:0px 0px 0px 0px;\n-webkit-border-radius:0px 0px 0px 0px;\n-moz-border-radius:0px 0px 0px 0px;\n}\n<\/style>\n<div class='flex_column av-45nfr5-b7bcdde146f40520623e76e9a7d2893f av_one_fourth  avia-builder-el-2  el_after_av_one_full  el_before_av_three_fourth  first flex_column_div av-zero-column-padding column-top-margin'   ><p>\n<style type=\"text\/css\" data-created_by=\"avia_inline_auto\" id=\"style-css-av-3zrjo1-5071b56aa0094172f4e18ef4a2cd1b8d\">\n#top .av-special-heading.av-3zrjo1-5071b56aa0094172f4e18ef4a2cd1b8d{\npadding-bottom:20px;\n}\nbody .av-special-heading.av-3zrjo1-5071b56aa0094172f4e18ef4a2cd1b8d .av-special-heading-tag .heading-char{\nfont-size:25px;\n}\n.av-special-heading.av-3zrjo1-5071b56aa0094172f4e18ef4a2cd1b8d .av-subheading{\nfont-size:15px;\n}\n<\/style>\n<div  class='av-special-heading av-3zrjo1-5071b56aa0094172f4e18ef4a2cd1b8d av-special-heading-h3 blockquote modern-quote modern-centered  avia-builder-el-3  el_before_av_icon_box  avia-builder-el-first '><h3 class='av-special-heading-tag'  itemprop=\"headline\"  >Infos de Contact<\/h3><div class=\"special-heading-border\"><div class=\"special-heading-inner-border\"><\/div><\/div><\/div><br \/>\n<article  class='iconbox iconbox_top av-3xvsmh-9656a3dd9ee2ae236838645b4cb0742a  avia-builder-el-4  el_after_av_heading  el_before_av_icon_box  main_color'  itemscope=\"itemscope\" itemtype=\"https:\/\/schema.org\/CreativeWork\" ><div class=\"iconbox_content\"><header class=\"entry-content-header\"><div class=\"iconbox_icon heading-color\" aria-hidden='true' data-av_icon='\ue83f' data-av_iconfont='entypo-fontello'><\/div><h3 class='iconbox_content_title '  itemprop=\"headline\" >Hot-Line<\/h3><\/header><div class='iconbox_content_container '  itemprop=\"text\" ><p style=\"text-align: center;\" align=\"center\"><strong><span style=\"font-size: 16.0pt;\">eMail<\/span><\/strong><span style=\"font-size: 16.0pt;\"><br \/>\n<\/span><u><span style=\"font-size: 18.0pt;\"><a href=\"mailto:support@m81.eu\" target=\"_blank\" rel=\"noopener\">support@m81.eu<\/a><\/span><\/u><\/p>\n<p style=\"text-align: center;\" align=\"center\"><strong>T\u00e9l\u00e9phone<\/strong><br \/>\n<a href=\"tel:+33%20963%20288%20902\">+33 963 288 902<\/a><\/p>\n<\/div><\/div><footer class=\"entry-footer\"><\/footer><\/article><br \/>\n<article  class='iconbox iconbox_top av-l6m9bbv7-f428fecbed4a9e82a7114bd1b8764e67  avia-builder-el-5  el_after_av_icon_box  el_before_av_icon_box  main_color'  itemscope=\"itemscope\" itemtype=\"https:\/\/schema.org\/CreativeWork\" ><div class=\"iconbox_content\"><header class=\"entry-content-header\"><div class=\"iconbox_icon heading-color\" aria-hidden='true' data-av_icon='\ue805' data-av_iconfont='entypo-fontello'><\/div><h3 class='iconbox_content_title '  itemprop=\"headline\" >CONTACT eMails<\/h3><\/header><div class='iconbox_content_container '  itemprop=\"text\" ><p style=\"text-align: center;\"><u><a href=\"mailto:contact@m81.eu\" target=\"_blank\" rel=\"noopener\">contact@m81.eu<\/a><\/u><\/p>\n<p style=\"text-align: center;\"><u><\/u><u><a href=\"mailto:contact@m81.eu\" target=\"_blank\" rel=\"noopener\">admin@m81.eu<\/a><\/u><\/p>\n<\/div><\/div><footer class=\"entry-footer\"><\/footer><\/article><br \/>\n<article  class='iconbox iconbox_top av-l6m9h6t4-0a6b7cb60440de583b77f0bf8148110d  avia-builder-el-6  el_after_av_icon_box  el_before_av_hr  main_color'  itemscope=\"itemscope\" itemtype=\"https:\/\/schema.org\/CreativeWork\" ><div class=\"iconbox_content\"><header class=\"entry-content-header\"><div class=\"iconbox_icon heading-color\" aria-hidden='true' data-av_icon='\ue81f' data-av_iconfont='entypo-fontello'><\/div><h3 class='iconbox_content_title '  itemprop=\"headline\" >Directrice Commerciale et Partenaires EMEA<\/h3><\/header><div class='iconbox_content_container '  itemprop=\"text\" ><p style=\"text-align: center;\"><strong>Amal Juvin <\/strong><u><\/u><\/p>\n<p style=\"text-align: center;\"><strong>Calendar : <\/strong><u><a href=\"https:\/\/calendly.com\/ajuvin\/\" target=\"_blank\" rel=\"noopener\">Calendly<\/a><\/u><\/p>\n<\/div><\/div><footer class=\"entry-footer\"><\/footer><\/article><br \/>\n\n<style type=\"text\/css\" data-created_by=\"avia_inline_auto\" id=\"style-css-av-3jwrtt-0a414b472421838670191680e3c4467c\">\n#top .hr.hr-invisible.av-3jwrtt-0a414b472421838670191680e3c4467c{\nheight:20px;\n}\n<\/style>\n<div  class='hr av-3jwrtt-0a414b472421838670191680e3c4467c hr-invisible  avia-builder-el-7  el_after_av_icon_box  el_before_av_icon_box '><span class='hr-inner '><span class=\"hr-inner-style\"><\/span><\/span><\/div><br \/>\n<article  class='iconbox iconbox_top av-36f749-6de43ff13e3401113e2591b078e72e1c  avia-builder-el-8  el_after_av_hr  el_before_av_image  main_color'  itemscope=\"itemscope\" itemtype=\"https:\/\/schema.org\/CreativeWork\" ><div class=\"iconbox_content\"><header class=\"entry-content-header\"><div class=\"iconbox_icon heading-color\" aria-hidden='true' data-av_icon='\ue854' data-av_iconfont='entypo-fontello'><\/div><h3 class='iconbox_content_title '  itemprop=\"headline\" >DACH Region manager<\/h3><\/header><div class='iconbox_content_container '  itemprop=\"text\" ><p style=\"text-align: center;\"><strong>Karl Heinz Prisching<\/strong><\/p>\n<p style=\"text-align: center;\"><strong>eMail: <\/strong>khprisching@m81.eu<\/p>\n<\/div><\/div><footer class=\"entry-footer\"><\/footer><\/article><br \/>\n<\/p><\/div>\n<style type=\"text\/css\" data-created_by=\"avia_inline_auto\" id=\"style-css-av-2t58bt-70bf6ee116f4682cc1d8ea176c9b20f5\">\n.flex_column.av-2t58bt-70bf6ee116f4682cc1d8ea176c9b20f5{\nborder-radius:0px 0px 0px 0px;\n-webkit-border-radius:0px 0px 0px 0px;\n-moz-border-radius:0px 0px 0px 0px;\n}\n<\/style>\n<div class='flex_column av-2t58bt-70bf6ee116f4682cc1d8ea176c9b20f5 av_three_fourth  avia-builder-el-10  el_after_av_one_fourth  el_before_av_one_full  flex_column_div av-zero-column-padding column-top-margin'   ><form action=\"https:\/\/www.m81.eu\/fr\/nouscontacter\/\" method=\"post\"  class=\"avia_ajax_form av-form-labels-visible   avia-builder-el-11  avia-builder-el-no-sibling   \" data-avia-form-id=\"1\" data-avia-redirect='' ><h3 class=''>Laissez-nous vos coordonn\u00e9es, nous vous contacterons rapidement :<\/h3><fieldset><p class='  first_form  form_element form_fullwidth' id='element_avia_1_1'><label for=\"avia_1_1\">NOM <abbr class=\"required\" title=\"requis(e)\">*<\/abbr><\/label> <input name=\"avia_1_1\" class=\"text_input is_empty\" type=\"text\" id=\"avia_1_1\" value=\"\" \/><\/p><p class='  first_form  form_element form_fullwidth' id='element_avia_2_1'><label for=\"avia_2_1\">ADRESSE EMAIL <abbr class=\"required\" title=\"requis(e)\">*<\/abbr><\/label> <input name=\"avia_2_1\" class=\"text_input is_email\" type=\"text\" id=\"avia_2_1\" value=\"\" \/><\/p><div id='avia_3_1' class='av-form-text'><p>\n<strong>SUJET :<\/strong><\/p>\n<\/div><p class='  first_form  form_element form_element_half' id='element_avia_4_1'><input  name=\"avia_4_1\" class=\"input_checkbox \" type=\"checkbox\" id=\"avia_4_1\" value=\"true\"\/><label class=\"input_checkbox_label\" for=\"avia_4_1\">Informations compl\u00e9mentaires<\/label><\/p><p class='  form_element form_element_half' id='element_avia_5_1'><input  name=\"avia_5_1\" class=\"input_checkbox \" type=\"checkbox\" id=\"avia_5_1\" value=\"true\"\/><label class=\"input_checkbox_label\" for=\"avia_5_1\">Commentaires sur le produit<\/label><\/p><p class='  first_form  form_element form_element_half' id='element_avia_6_1'><input  name=\"avia_6_1\" class=\"input_checkbox \" type=\"checkbox\" id=\"avia_6_1\" value=\"true\"\/><label class=\"input_checkbox_label\" for=\"avia_6_1\">Demande de profil de t\u00e9l\u00e9chargement<\/label><\/p><p class='  form_element form_element_half' id='element_avia_7_1'><input  name=\"avia_7_1\" class=\"input_checkbox \" type=\"checkbox\" id=\"avia_7_1\" value=\"true\"\/><label class=\"input_checkbox_label\" for=\"avia_7_1\">Demander un webinaire ou une d\u00e9mo<\/label><\/p><p class='  first_form  form_element form_element_half' id='element_avia_8_1'><input  name=\"avia_8_1\" class=\"input_checkbox \" type=\"checkbox\" id=\"avia_8_1\" value=\"true\"\/><label class=\"input_checkbox_label\" for=\"avia_8_1\">Autre sujet (remplir le champ message ci-dessous)<\/label><\/p><div id='avia_9_1' class='av-form-text'><p>\n<strong>PRODUIT :<\/strong><\/p>\n<\/div><p class='  first_form  form_element form_element_third' id='element_avia_10_1'><input  name=\"avia_10_1\" class=\"input_checkbox \" type=\"checkbox\" id=\"avia_10_1\" value=\"true\"\/><label class=\"input_checkbox_label\" for=\"avia_10_1\">FLASH for i<\/label><\/p><p class='  form_element form_element_third' id='element_avia_11_1'><input  name=\"avia_11_1\" class=\"input_checkbox \" type=\"checkbox\" id=\"avia_11_1\" value=\"true\"\/><label class=\"input_checkbox_label\" for=\"avia_11_1\">CONTROL for i<\/label><\/p><p class='  first_form  form_element form_fullwidth' id='element_avia_12_1'><label for=\"avia_12_1\" class=\"textare_label hidden textare_label_avia_12_1\">MESSAGE : <abbr class=\"required\" title=\"requis(e)\">*<\/abbr><\/label><textarea  name=\"avia_12_1\" class=\"text_area is_empty\" cols=\"40\" rows=\"7\" id=\"avia_12_1\" ><\/textarea><\/p><p class='  first_form  form_element form_fullwidth' id='element_avia_13_1'><label for=\"avia_13_1\">TELEPHONE (optionnel) :<\/label> <input name=\"avia_13_1\" class=\"text_input \" type=\"text\" id=\"avia_13_1\" value=\"\" \/><\/p><p class=\"hidden\"><input type=\"text\" name=\"avia_14_1\" class=\"hidden \" id=\"avia_14_1\" value=\"\" \/><\/p><div id='avia_15_1' class='av-recaptcha-area  first_form  form_element form_fullwidth '  data-container_class=\"\" data-custom_class=\"\" data-context=\"av_contact_form\" data-token_input=\"av_recaptcha_token\" data-version=\"avia_recaptcha_v2\" data-theme=\"light\" data-size=\"normal\" data-score=\"0.5\" data-text_to_preview=\"\" data-value=\"\"><div class=\"av-google-badge-message hidden\">Ce site est prot\u00e9g\u00e9 par reCAPTCHA et la <a href=\"https:\/\/policies.google.com\/privacy\">politique de confidentialit\u00e9<\/a> de Google et <a href=\"https:\/\/policies.google.com\/terms\">leur conditions d\u2019utilisation<\/a> s\u2019appliquent.<\/div><\/div><p class=\"form_element \"><input type=\"hidden\" value=\"1\" name=\"avia_generated_form1\" \/><input type=\"submit\" value=\"Envoyer votre message\" class=\"button\"  data-sending-label=\"Envoi\"\/><\/p><\/fieldset><div class=\"avia-disabled-form\">Ce formulaire est d\u00e9sactiv\u00e9 dans la mesure o\u00f9 vous refusez d\u2019accepter le service Google reCAPTCHA n\u00e9cessaire pour valider toute exp\u00e9dition de message depuis celui-ci.<\/div><\/form><div id=\"ajaxresponse_1\" class=\"ajaxresponse ajaxresponse_1 hidden\"><\/div><\/div><\/p>\n\n<style type=\"text\/css\" data-created_by=\"avia_inline_auto\" id=\"style-css-av-2gvw8v-24f9c8302d3ec2bfcd82839dffeb5abe\">\n#top .flex_column.av-2gvw8v-24f9c8302d3ec2bfcd82839dffeb5abe{\nmargin-top:0px;\nmargin-bottom:50px;\n}\n.flex_column.av-2gvw8v-24f9c8302d3ec2bfcd82839dffeb5abe{\nborder-radius:0px 0px 0px 0px;\n-webkit-border-radius:0px 0px 0px 0px;\n-moz-border-radius:0px 0px 0px 0px;\n}\n.responsive #top #wrap_all .flex_column.av-2gvw8v-24f9c8302d3ec2bfcd82839dffeb5abe{\nmargin-top:0px;\nmargin-bottom:50px;\n}\n<\/style>\n<div class='flex_column av-2gvw8v-24f9c8302d3ec2bfcd82839dffeb5abe av_one_full  avia-builder-el-12  el_after_av_three_fourth  avia-builder-el-last  first flex_column_div av-zero-column-padding column-top-margin'   ><style type=\"text\/css\" data-created_by=\"avia_inline_auto\" id=\"style-css-av-lmevmrtu-91d3f0a94e45b2d35c073d6fb4674249\">\n.iconbox.av-lmevmrtu-91d3f0a94e45b2d35c073d6fb4674249 .iconbox_icon{\nbackground-color:#2d2f83;\n}\n<\/style>\n<article  class='iconbox iconbox_top av-lmevmrtu-91d3f0a94e45b2d35c073d6fb4674249  avia-builder-el-13  avia-builder-el-no-sibling  main_color'  itemscope=\"itemscope\" itemtype=\"https:\/\/schema.org\/CreativeWork\" ><div class=\"iconbox_content\"><header class=\"entry-content-header\"><div class=\"iconbox_icon heading-color\" aria-hidden='true' data-av_icon='\ue82e' data-av_iconfont='entypo-fontello'><\/div><h3 class='iconbox_content_title '  itemprop=\"headline\" >Nos coordonn\u00e9es<\/h3><\/header><div class='iconbox_content_container '  itemprop=\"text\" ><p style=\"text-align: center;\">Adresse : 141 avenue Felix Faure &#8211; 69003 Lyon &#8211; France<\/p>\n<p style=\"text-align: center;\">SIREN : 802 289 843<br \/>\nSIRET : 802 289 843 00020<br \/>\nTVA INTRA-COMMUNAUTAIRE : FR05802289843<br \/>\nCode APE : 5829C<\/p>\n<\/div><\/div><footer class=\"entry-footer\"><\/footer><\/article><\/div>\n","protected":false},"excerpt":{"rendered":"","protected":false},"author":1,"featured_media":0,"parent":0,"menu_order":0,"comment_status":"closed","ping_status":"closed","template":"","meta":{"footnotes":""},"class_list":["post-4335","page","type-page","status-publish","hentry"],"yoast_head":"<!-- This site is optimized with the Yoast SEO plugin v25.6 - https:\/\/yoast.com\/wordpress\/plugins\/seo\/ -->\n<title>Nous contacter - M81<\/title>\n<meta name=\"robots\" content=\"index, follow, max-snippet:-1, max-image-preview:large, max-video-preview:-1\" \/>\n<link rel=\"canonical\" href=\"https:\/\/www.m81.eu\/fr\/nouscontacter\/\" \/>\n<meta property=\"og:locale\" content=\"fr_FR\" \/>\n<meta property=\"og:type\" content=\"article\" \/>\n<meta property=\"og:title\" content=\"Nous contacter - M81\" \/>\n<meta property=\"og:url\" content=\"https:\/\/www.m81.eu\/fr\/nouscontacter\/\" \/>\n<meta property=\"og:site_name\" content=\"M81\" \/>\n<meta property=\"article:modified_time\" content=\"2026-04-19T15:43:38+00:00\" \/>\n<meta name=\"twitter:card\" content=\"summary_large_image\" \/>\n<meta name=\"twitter:label1\" content=\"Dur\u00e9e de lecture estim\u00e9e\" \/>\n\t<meta name=\"twitter:data1\" content=\"3 minutes\" \/>\n<script type=\"application\/ld+json\" class=\"yoast-schema-graph\">{\"@context\":\"https:\/\/schema.org\",\"@graph\":[{\"@type\":\"WebPage\",\"@id\":\"https:\/\/www.m81.eu\/fr\/nouscontacter\/\",\"url\":\"https:\/\/www.m81.eu\/fr\/nouscontacter\/\",\"name\":\"Nous contacter - M81\",\"isPartOf\":{\"@id\":\"https:\/\/www.m81.eu\/#website\"},\"datePublished\":\"2022-10-06T06:55:46+00:00\",\"dateModified\":\"2026-04-19T15:43:38+00:00\",\"breadcrumb\":{\"@id\":\"https:\/\/www.m81.eu\/fr\/nouscontacter\/#breadcrumb\"},\"inLanguage\":\"fr-FR\",\"potentialAction\":[{\"@type\":\"ReadAction\",\"target\":[\"https:\/\/www.m81.eu\/fr\/nouscontacter\/\"]}]},{\"@type\":\"BreadcrumbList\",\"@id\":\"https:\/\/www.m81.eu\/fr\/nouscontacter\/#breadcrumb\",\"itemListElement\":[{\"@type\":\"ListItem\",\"position\":1,\"name\":\"Accueil\",\"item\":\"https:\/\/www.m81.eu\/fr\/accueil\/\"},{\"@type\":\"ListItem\",\"position\":2,\"name\":\"Nous contacter\"}]},{\"@type\":\"WebSite\",\"@id\":\"https:\/\/www.m81.eu\/#website\",\"url\":\"https:\/\/www.m81.eu\/\",\"name\":\"M81\",\"description\":\"M81 - IBM i EDITOR\",\"publisher\":{\"@id\":\"https:\/\/www.m81.eu\/#organization\"},\"potentialAction\":[{\"@type\":\"SearchAction\",\"target\":{\"@type\":\"EntryPoint\",\"urlTemplate\":\"https:\/\/www.m81.eu\/?s={search_term_string}\"},\"query-input\":{\"@type\":\"PropertyValueSpecification\",\"valueRequired\":true,\"valueName\":\"search_term_string\"}}],\"inLanguage\":\"fr-FR\"},{\"@type\":\"Organization\",\"@id\":\"https:\/\/www.m81.eu\/#organization\",\"name\":\"M81\",\"url\":\"https:\/\/www.m81.eu\/\",\"logo\":{\"@type\":\"ImageObject\",\"inLanguage\":\"fr-FR\",\"@id\":\"https:\/\/www.m81.eu\/#\/schema\/logo\/image\/\",\"url\":\"https:\/\/m81-2022.m81.eu\/wp-content\/uploads\/2022\/01\/Logo_M81.jpg\",\"contentUrl\":\"https:\/\/m81-2022.m81.eu\/wp-content\/uploads\/2022\/01\/Logo_M81.jpg\",\"width\":458,\"height\":252,\"caption\":\"M81\"},\"image\":{\"@id\":\"https:\/\/www.m81.eu\/#\/schema\/logo\/image\/\"}}]}<\/script>\n<!-- \/ Yoast SEO plugin. -->","yoast_head_json":{"title":"Nous contacter - M81","robots":{"index":"index","follow":"follow","max-snippet":"max-snippet:-1","max-image-preview":"max-image-preview:large","max-video-preview":"max-video-preview:-1"},"canonical":"https:\/\/www.m81.eu\/fr\/nouscontacter\/","og_locale":"fr_FR","og_type":"article","og_title":"Nous contacter - M81","og_url":"https:\/\/www.m81.eu\/fr\/nouscontacter\/","og_site_name":"M81","article_modified_time":"2026-04-19T15:43:38+00:00","twitter_card":"summary_large_image","twitter_misc":{"Dur\u00e9e de lecture estim\u00e9e":"3 minutes"},"schema":{"@context":"https:\/\/schema.org","@graph":[{"@type":"WebPage","@id":"https:\/\/www.m81.eu\/fr\/nouscontacter\/","url":"https:\/\/www.m81.eu\/fr\/nouscontacter\/","name":"Nous contacter - M81","isPartOf":{"@id":"https:\/\/www.m81.eu\/#website"},"datePublished":"2022-10-06T06:55:46+00:00","dateModified":"2026-04-19T15:43:38+00:00","breadcrumb":{"@id":"https:\/\/www.m81.eu\/fr\/nouscontacter\/#breadcrumb"},"inLanguage":"fr-FR","potentialAction":[{"@type":"ReadAction","target":["https:\/\/www.m81.eu\/fr\/nouscontacter\/"]}]},{"@type":"BreadcrumbList","@id":"https:\/\/www.m81.eu\/fr\/nouscontacter\/#breadcrumb","itemListElement":[{"@type":"ListItem","position":1,"name":"Accueil","item":"https:\/\/www.m81.eu\/fr\/accueil\/"},{"@type":"ListItem","position":2,"name":"Nous contacter"}]},{"@type":"WebSite","@id":"https:\/\/www.m81.eu\/#website","url":"https:\/\/www.m81.eu\/","name":"M81","description":"M81 - IBM i EDITOR","publisher":{"@id":"https:\/\/www.m81.eu\/#organization"},"potentialAction":[{"@type":"SearchAction","target":{"@type":"EntryPoint","urlTemplate":"https:\/\/www.m81.eu\/?s={search_term_string}"},"query-input":{"@type":"PropertyValueSpecification","valueRequired":true,"valueName":"search_term_string"}}],"inLanguage":"fr-FR"},{"@type":"Organization","@id":"https:\/\/www.m81.eu\/#organization","name":"M81","url":"https:\/\/www.m81.eu\/","logo":{"@type":"ImageObject","inLanguage":"fr-FR","@id":"https:\/\/www.m81.eu\/#\/schema\/logo\/image\/","url":"https:\/\/m81-2022.m81.eu\/wp-content\/uploads\/2022\/01\/Logo_M81.jpg","contentUrl":"https:\/\/m81-2022.m81.eu\/wp-content\/uploads\/2022\/01\/Logo_M81.jpg","width":458,"height":252,"caption":"M81"},"image":{"@id":"https:\/\/www.m81.eu\/#\/schema\/logo\/image\/"}}]}},"_links":{"self":[{"href":"https:\/\/www.m81.eu\/fr\/wp-json\/wp\/v2\/pages\/4335","targetHints":{"allow":["GET"]}}],"collection":[{"href":"https:\/\/www.m81.eu\/fr\/wp-json\/wp\/v2\/pages"}],"about":[{"href":"https:\/\/www.m81.eu\/fr\/wp-json\/wp\/v2\/types\/page"}],"author":[{"embeddable":true,"href":"https:\/\/www.m81.eu\/fr\/wp-json\/wp\/v2\/users\/1"}],"replies":[{"embeddable":true,"href":"https:\/\/www.m81.eu\/fr\/wp-json\/wp\/v2\/comments?post=4335"}],"version-history":[{"count":24,"href":"https:\/\/www.m81.eu\/fr\/wp-json\/wp\/v2\/pages\/4335\/revisions"}],"predecessor-version":[{"id":7395,"href":"https:\/\/www.m81.eu\/fr\/wp-json\/wp\/v2\/pages\/4335\/revisions\/7395"}],"wp:attachment":[{"href":"https:\/\/www.m81.eu\/fr\/wp-json\/wp\/v2\/media?parent=4335"}],"curies":[{"name":"wp","href":"https:\/\/api.w.org\/{rel}","templated":true}]}}