{"id":501,"date":"2022-01-18T17:37:21","date_gmt":"2022-01-18T16:37:21","guid":{"rendered":"https:\/\/m81-2022.m81.eu\/?page_id=501"},"modified":"2022-01-18T17:37:21","modified_gmt":"2022-01-18T16:37:21","slug":"changement-de-langue","status":"publish","type":"page","link":"https:\/\/www.m81.eu\/fr\/changement-de-langue\/","title":{"rendered":"Changement de langue"},"content":{"rendered":"\n<style type=\"text\/css\" data-created_by=\"avia_inline_auto\" id=\"style-css-av-av_one_full-5be628e05b20343fc6f2f76f8efeb41d\">\n#top .flex_column.av-av_one_full-5be628e05b20343fc6f2f76f8efeb41d{\nmargin-top:0px;\nmargin-bottom:50px;\n}\n.flex_column.av-av_one_full-5be628e05b20343fc6f2f76f8efeb41d{\nborder-radius:0px 0px 0px 0px;\n-webkit-border-radius:0px 0px 0px 0px;\n-moz-border-radius:0px 0px 0px 0px;\n}\n.responsive #top #wrap_all .flex_column.av-av_one_full-5be628e05b20343fc6f2f76f8efeb41d{\nmargin-top:0px;\nmargin-bottom:50px;\n}\n<\/style>\n<div class='flex_column av-av_one_full-5be628e05b20343fc6f2f76f8efeb41d av_one_full  avia-builder-el-0  el_before_av_one_fourth  avia-builder-el-first  first flex_column_div av-zero-column-padding '   ><style type=\"text\/css\" data-created_by=\"avia_inline_auto\" id=\"style-css-av-av_icon_box-15f639ce96619856286ffadcc32476f7\">\n.iconbox.av-av_icon_box-15f639ce96619856286ffadcc32476f7 .iconbox_icon{\nbackground-color:#f05a1a;\n}\n<\/style>\n<article  class='iconbox iconbox_top av-av_icon_box-15f639ce96619856286ffadcc32476f7  avia-builder-el-1  avia-builder-el-no-sibling  main_color'  itemscope=\"itemscope\" itemtype=\"https:\/\/schema.org\/CreativeWork\" ><div class=\"iconbox_content\"><header class=\"entry-content-header\"><div class=\"iconbox_icon heading-color\" aria-hidden='true' data-av_icon='\ue891' data-av_iconfont='entypo-fontello'><\/div><h3 class='iconbox_content_title '  itemprop=\"headline\" >Changement de langue<\/h3><\/header><div class='iconbox_content_container '  itemprop=\"text\" ><p style=\"text-align: center;\"><span style=\"font-size: 11pt;\">Si vous pr\u00e9f\u00e9rez recevoir nos messages en Fran\u00e7ais,<br \/>\nmerci de le pr\u00e9ciser dans le formulaire ci-dessous.<br \/>\nVeuillez nous excuser pour le d\u00e9rangement.<br \/>\n<\/span><\/p>\n<p style=\"text-align: center;\"><strong>L&#8217;\u00e9quipe M81<\/strong><\/p>\n<p style=\"text-align: center;\"><span style=\"font-size: 11pt;\">.<\/span><\/p>\n<\/div><\/div><footer class=\"entry-footer\"><\/footer><\/article><\/div>\n\n<style type=\"text\/css\" data-created_by=\"avia_inline_auto\" id=\"style-css-av-av_one_fourth-352b07ef7d3bc99b2e9f92e7a9e06bdb\">\n.flex_column.av-av_one_fourth-352b07ef7d3bc99b2e9f92e7a9e06bdb{\nborder-radius:0px 0px 0px 0px;\n-webkit-border-radius:0px 0px 0px 0px;\n-moz-border-radius:0px 0px 0px 0px;\n}\n<\/style>\n<div class='flex_column av-av_one_fourth-352b07ef7d3bc99b2e9f92e7a9e06bdb av_one_fourth  avia-builder-el-2  el_after_av_one_full  el_before_av_three_fourth  first flex_column_div av-zero-column-padding column-top-margin'   ><p>\n<style type=\"text\/css\" data-created_by=\"avia_inline_auto\" id=\"style-css-av-av_hr-0688d0b0b6ed2f8b057db7a8270206df\">\n#top .hr.hr-invisible.av-av_hr-0688d0b0b6ed2f8b057db7a8270206df{\nheight:50px;\n}\n<\/style>\n<div  class='hr av-av_hr-0688d0b0b6ed2f8b057db7a8270206df hr-invisible  avia-builder-el-3  el_before_av_image  avia-builder-el-first '><span class='hr-inner '><span class=\"hr-inner-style\"><\/span><\/span><\/div><br \/>\n\n<style type=\"text\/css\" data-created_by=\"avia_inline_auto\" id=\"style-css-av-kykc9yoo-4073e2024f1243c9ee5ab5906ddedc33\">\n.avia-image-container.av-kykc9yoo-4073e2024f1243c9ee5ab5906ddedc33 .av-image-caption-overlay-center{\ncolor:#ffffff;\n}\n<\/style>\n<div  class='avia-image-container av-kykc9yoo-4073e2024f1243c9ee5ab5906ddedc33 av-styling-circle avia-align-center  avia-builder-el-4  el_after_av_hr  el_before_av_image '  itemprop=\"image\" itemscope=\"itemscope\" itemtype=\"https:\/\/schema.org\/ImageObject\" ><div class=\"avia-image-container-inner\"><div class=\"avia-image-overlay-wrap\"><img decoding=\"async\" class='wp-image-293 avia-img-lazy-loading-not-293 avia_image' src=\"https:\/\/www.m81.eu\/wp-content\/uploads\/2022\/01\/contact-m81-rond.png\" alt='' title='contact-m81-rond'  height=\"300\" width=\"300\"  itemprop=\"thumbnailUrl\" srcset=\"https:\/\/www.m81.eu\/wp-content\/uploads\/2022\/01\/contact-m81-rond.png 300w, https:\/\/www.m81.eu\/wp-content\/uploads\/2022\/01\/contact-m81-rond-80x80.png 80w, https:\/\/www.m81.eu\/wp-content\/uploads\/2022\/01\/contact-m81-rond-36x36.png 36w, https:\/\/www.m81.eu\/wp-content\/uploads\/2022\/01\/contact-m81-rond-180x180.png 180w\" sizes=\"(max-width: 300px) 100vw, 300px\" \/><\/div><\/div><\/div><br \/>\n<\/p><\/div>\n<style type=\"text\/css\" data-created_by=\"avia_inline_auto\" id=\"style-css-av-av_three_fourth-2a64de42b738552fe666ca889af77e28\">\n.flex_column.av-av_three_fourth-2a64de42b738552fe666ca889af77e28{\nborder-radius:0px 0px 0px 0px;\n-webkit-border-radius:0px 0px 0px 0px;\n-moz-border-radius:0px 0px 0px 0px;\n}\n<\/style>\n<div class='flex_column av-av_three_fourth-2a64de42b738552fe666ca889af77e28 av_three_fourth  avia-builder-el-6  el_after_av_one_fourth  avia-builder-el-last  flex_column_div av-zero-column-padding column-top-margin'   ><form action=\"https:\/\/www.m81.eu\/fr\/changement-de-langue\/\" method=\"post\"  class=\"avia_ajax_form av-form-labels-visible   avia-builder-el-7  avia-builder-el-no-sibling   \" data-avia-form-id=\"1\" data-avia-redirect='' ><fieldset><p class='  first_form  form_element form_fullwidth' id='element_avia_1_1'><label for=\"avia_1_1\">Adresse E-mail <abbr class=\"required\" title=\"requis(e)\">*<\/abbr><\/label> <input name=\"avia_1_1\" class=\"text_input is_email\" type=\"text\" id=\"avia_1_1\" value=\"\" \/><\/p><p class='  first_form  form_element form_fullwidth' id='element_avia_2_1'><input  name=\"avia_2_1\" class=\"input_checkbox \" type=\"checkbox\" id=\"avia_2_1\" value=\"true\"\/><label class=\"input_checkbox_label\" for=\"avia_2_1\">Je pr\u00e9f\u00e8re recevoir vos messages en langue fran\u00e7aise<\/label><\/p><p class=\"hidden\"><input type=\"text\" name=\"avia_3_1\" class=\"hidden \" id=\"avia_3_1\" value=\"\" \/><\/p><p class='   form_element form_fullwidth' id='element_avia_4_1'><span class='value_verifier_label'>4 + 1 = ?<\/span><input name=\"avia_4_1_verifier\" type=\"hidden\" id=\"avia_4_1_verifier\" value=\"387456864\"\/><label for=\"avia_4_1\">Merci de prouver que vous \u00eates un humain en donnant le r\u00e9sultat de cette op\u00e9ration <abbr class=\"required\" title=\"requis(e)\">*<\/abbr><\/label><input name=\"avia_4_1\" class=\"text_input captcha\" type=\"text\" id=\"avia_4_1\" value=\"\"\/><\/p><p class=\"form_element \"><input type=\"hidden\" value=\"1\" name=\"avia_generated_form1\" \/><input type=\"submit\" value=\"Envoyer votre demande\" class=\"button\"  data-sending-label=\"Envoi\"\/><\/p><\/fieldset><\/form><div id=\"ajaxresponse_1\" class=\"ajaxresponse ajaxresponse_1 hidden\"><\/div><\/div><\/p>\n","protected":false},"excerpt":{"rendered":"","protected":false},"author":1,"featured_media":0,"parent":0,"menu_order":0,"comment_status":"closed","ping_status":"closed","template":"","meta":{"footnotes":""},"class_list":["post-501","page","type-page","status-publish","hentry"],"yoast_head":"<!-- This site is optimized with the Yoast SEO plugin v25.6 - https:\/\/yoast.com\/wordpress\/plugins\/seo\/ -->\n<title>Changement de langue - M81<\/title>\n<meta name=\"robots\" content=\"index, follow, max-snippet:-1, max-image-preview:large, max-video-preview:-1\" \/>\n<link rel=\"canonical\" href=\"https:\/\/www.m81.eu\/fr\/changement-de-langue\/\" \/>\n<meta property=\"og:locale\" content=\"fr_FR\" \/>\n<meta property=\"og:type\" content=\"article\" \/>\n<meta property=\"og:title\" content=\"Changement de langue - M81\" \/>\n<meta property=\"og:url\" content=\"https:\/\/www.m81.eu\/fr\/changement-de-langue\/\" \/>\n<meta property=\"og:site_name\" content=\"M81\" \/>\n<meta name=\"twitter:card\" content=\"summary_large_image\" \/>\n<meta name=\"twitter:label1\" content=\"Dur\u00e9e de lecture estim\u00e9e\" \/>\n\t<meta name=\"twitter:data1\" content=\"3 minutes\" \/>\n<script type=\"application\/ld+json\" class=\"yoast-schema-graph\">{\"@context\":\"https:\/\/schema.org\",\"@graph\":[{\"@type\":\"WebPage\",\"@id\":\"https:\/\/www.m81.eu\/fr\/changement-de-langue\/\",\"url\":\"https:\/\/www.m81.eu\/fr\/changement-de-langue\/\",\"name\":\"Changement de langue - M81\",\"isPartOf\":{\"@id\":\"https:\/\/www.m81.eu\/#website\"},\"datePublished\":\"2022-01-18T16:37:21+00:00\",\"breadcrumb\":{\"@id\":\"https:\/\/www.m81.eu\/fr\/changement-de-langue\/#breadcrumb\"},\"inLanguage\":\"fr-FR\",\"potentialAction\":[{\"@type\":\"ReadAction\",\"target\":[\"https:\/\/www.m81.eu\/fr\/changement-de-langue\/\"]}]},{\"@type\":\"BreadcrumbList\",\"@id\":\"https:\/\/www.m81.eu\/fr\/changement-de-langue\/#breadcrumb\",\"itemListElement\":[{\"@type\":\"ListItem\",\"position\":1,\"name\":\"Accueil\",\"item\":\"https:\/\/www.m81.eu\/fr\/accueil\/\"},{\"@type\":\"ListItem\",\"position\":2,\"name\":\"Changement de langue\"}]},{\"@type\":\"WebSite\",\"@id\":\"https:\/\/www.m81.eu\/#website\",\"url\":\"https:\/\/www.m81.eu\/\",\"name\":\"M81\",\"description\":\"M81 - IBM i EDITOR\",\"publisher\":{\"@id\":\"https:\/\/www.m81.eu\/#organization\"},\"potentialAction\":[{\"@type\":\"SearchAction\",\"target\":{\"@type\":\"EntryPoint\",\"urlTemplate\":\"https:\/\/www.m81.eu\/?s={search_term_string}\"},\"query-input\":{\"@type\":\"PropertyValueSpecification\",\"valueRequired\":true,\"valueName\":\"search_term_string\"}}],\"inLanguage\":\"fr-FR\"},{\"@type\":\"Organization\",\"@id\":\"https:\/\/www.m81.eu\/#organization\",\"name\":\"M81\",\"url\":\"https:\/\/www.m81.eu\/\",\"logo\":{\"@type\":\"ImageObject\",\"inLanguage\":\"fr-FR\",\"@id\":\"https:\/\/www.m81.eu\/#\/schema\/logo\/image\/\",\"url\":\"https:\/\/m81-2022.m81.eu\/wp-content\/uploads\/2022\/01\/Logo_M81.jpg\",\"contentUrl\":\"https:\/\/m81-2022.m81.eu\/wp-content\/uploads\/2022\/01\/Logo_M81.jpg\",\"width\":458,\"height\":252,\"caption\":\"M81\"},\"image\":{\"@id\":\"https:\/\/www.m81.eu\/#\/schema\/logo\/image\/\"}}]}<\/script>\n<!-- \/ Yoast SEO plugin. -->","yoast_head_json":{"title":"Changement de langue - M81","robots":{"index":"index","follow":"follow","max-snippet":"max-snippet:-1","max-image-preview":"max-image-preview:large","max-video-preview":"max-video-preview:-1"},"canonical":"https:\/\/www.m81.eu\/fr\/changement-de-langue\/","og_locale":"fr_FR","og_type":"article","og_title":"Changement de langue - M81","og_url":"https:\/\/www.m81.eu\/fr\/changement-de-langue\/","og_site_name":"M81","twitter_card":"summary_large_image","twitter_misc":{"Dur\u00e9e de lecture estim\u00e9e":"3 minutes"},"schema":{"@context":"https:\/\/schema.org","@graph":[{"@type":"WebPage","@id":"https:\/\/www.m81.eu\/fr\/changement-de-langue\/","url":"https:\/\/www.m81.eu\/fr\/changement-de-langue\/","name":"Changement de langue - M81","isPartOf":{"@id":"https:\/\/www.m81.eu\/#website"},"datePublished":"2022-01-18T16:37:21+00:00","breadcrumb":{"@id":"https:\/\/www.m81.eu\/fr\/changement-de-langue\/#breadcrumb"},"inLanguage":"fr-FR","potentialAction":[{"@type":"ReadAction","target":["https:\/\/www.m81.eu\/fr\/changement-de-langue\/"]}]},{"@type":"BreadcrumbList","@id":"https:\/\/www.m81.eu\/fr\/changement-de-langue\/#breadcrumb","itemListElement":[{"@type":"ListItem","position":1,"name":"Accueil","item":"https:\/\/www.m81.eu\/fr\/accueil\/"},{"@type":"ListItem","position":2,"name":"Changement de langue"}]},{"@type":"WebSite","@id":"https:\/\/www.m81.eu\/#website","url":"https:\/\/www.m81.eu\/","name":"M81","description":"M81 - IBM i EDITOR","publisher":{"@id":"https:\/\/www.m81.eu\/#organization"},"potentialAction":[{"@type":"SearchAction","target":{"@type":"EntryPoint","urlTemplate":"https:\/\/www.m81.eu\/?s={search_term_string}"},"query-input":{"@type":"PropertyValueSpecification","valueRequired":true,"valueName":"search_term_string"}}],"inLanguage":"fr-FR"},{"@type":"Organization","@id":"https:\/\/www.m81.eu\/#organization","name":"M81","url":"https:\/\/www.m81.eu\/","logo":{"@type":"ImageObject","inLanguage":"fr-FR","@id":"https:\/\/www.m81.eu\/#\/schema\/logo\/image\/","url":"https:\/\/m81-2022.m81.eu\/wp-content\/uploads\/2022\/01\/Logo_M81.jpg","contentUrl":"https:\/\/m81-2022.m81.eu\/wp-content\/uploads\/2022\/01\/Logo_M81.jpg","width":458,"height":252,"caption":"M81"},"image":{"@id":"https:\/\/www.m81.eu\/#\/schema\/logo\/image\/"}}]}},"_links":{"self":[{"href":"https:\/\/www.m81.eu\/fr\/wp-json\/wp\/v2\/pages\/501","targetHints":{"allow":["GET"]}}],"collection":[{"href":"https:\/\/www.m81.eu\/fr\/wp-json\/wp\/v2\/pages"}],"about":[{"href":"https:\/\/www.m81.eu\/fr\/wp-json\/wp\/v2\/types\/page"}],"author":[{"embeddable":true,"href":"https:\/\/www.m81.eu\/fr\/wp-json\/wp\/v2\/users\/1"}],"replies":[{"embeddable":true,"href":"https:\/\/www.m81.eu\/fr\/wp-json\/wp\/v2\/comments?post=501"}],"version-history":[{"count":2,"href":"https:\/\/www.m81.eu\/fr\/wp-json\/wp\/v2\/pages\/501\/revisions"}],"predecessor-version":[{"id":4209,"href":"https:\/\/www.m81.eu\/fr\/wp-json\/wp\/v2\/pages\/501\/revisions\/4209"}],"wp:attachment":[{"href":"https:\/\/www.m81.eu\/fr\/wp-json\/wp\/v2\/media?parent=501"}],"curies":[{"name":"wp","href":"https:\/\/api.w.org\/{rel}","templated":true}]}}