{"id":75,"date":"2022-01-13T14:10:49","date_gmt":"2022-01-13T13:10:49","guid":{"rendered":"https:\/\/m81-2022.m81.eu\/?page_id=75"},"modified":"2024-06-03T17:18:46","modified_gmt":"2024-06-03T15:18:46","slug":"presentation","status":"publish","type":"page","link":"https:\/\/www.m81.eu\/fr\/presentation\/","title":{"rendered":"Pr\u00e9sentation"},"content":{"rendered":"\n<style type=\"text\/css\" data-created_by=\"avia_inline_auto\" id=\"style-css-av-9ewfz-1773ea2db6ceebe6e02ee2fb081a3ad9\">\n#top .flex_column.av-9ewfz-1773ea2db6ceebe6e02ee2fb081a3ad9{\nmargin-top:0px;\nmargin-bottom:0px;\n}\n.flex_column.av-9ewfz-1773ea2db6ceebe6e02ee2fb081a3ad9{\nborder-radius:0px 0px 0px 0px;\n-webkit-border-radius:0px 0px 0px 0px;\n-moz-border-radius:0px 0px 0px 0px;\n}\n.responsive #top #wrap_all .flex_column.av-9ewfz-1773ea2db6ceebe6e02ee2fb081a3ad9{\nmargin-top:0px;\nmargin-bottom:0px;\n}\n<\/style>\n<div class='flex_column av-9ewfz-1773ea2db6ceebe6e02ee2fb081a3ad9 av_one_full  avia-builder-el-0  el_before_av_one_fourth  avia-builder-el-first  first flex_column_div av-zero-column-padding '   ><style type=\"text\/css\" data-created_by=\"avia_inline_auto\" id=\"style-css-av-8rj33-68171bf2414961ae936f009318f37e2e\">\n.iconbox.av-8rj33-68171bf2414961ae936f009318f37e2e .iconbox_icon{\nbackground-color:#2d2f83;\n}\n<\/style>\n<article  class='iconbox iconbox_top av-8rj33-68171bf2414961ae936f009318f37e2e  avia-builder-el-1  avia-builder-el-no-sibling  main_color'  itemscope=\"itemscope\" itemtype=\"https:\/\/schema.org\/CreativeWork\" ><div class=\"iconbox_content\"><header class=\"entry-content-header\"><div class=\"iconbox_icon heading-color\" aria-hidden='true' data-av_icon='\ue8ad' data-av_iconfont='entypo-fontello'><\/div><h3 class='iconbox_content_title '  itemprop=\"headline\" >Pr\u00e9sentation M81<\/h3><\/header><div class='iconbox_content_container '  itemprop=\"text\" ><p style=\"text-align: justify;\">M81 est sp\u00e9cialis\u00e9e dans l\u2019\u00e9dition de logiciels syst\u00e8me sur la plateforme IBM i (aussi connue sous le nom d\u2019OS\/400 ou i5\/OS), dans le but d\u2019aider les \u00e9quipes informatiques \u00e0 am\u00e9liorer leur exploitation.<\/p>\n<p style=\"text-align: justify;\">Les produits r\u00e9alis\u00e9s par M81 abordent des domaines complexes, mais sont tr\u00e8s simples \u00e0 mettre en \u0153uvre et leur prise en main par les \u00e9quipes d\u2019exploitation est tr\u00e8s rapides.<\/p>\n<p style=\"text-align: justify;\">Les domaines couverts sont par exemple :<\/p>\n<ul style=\"text-align: justify;\">\n<li>les sauvegardes \u00e0 chaud,<\/li>\n<li>la constitution d\u2019environnements de tests, de requ\u00eates, d&#8217;extraction ou d&#8217;anonymisation.<\/li>\n<li>la supervision avanc\u00e9e de tout ce qui tourne sur IBM i int\u00e9gr\u00e9e avec les solutions du march\u00e9 connues comme Nagios (ou tout produit compatible comme Centreon, Icinga, Zabbix, ChekMK, &#8230;) ou d&#8217;autres comme PRTG, ServiceNav, &#8230;<\/li>\n<li>R\u00e9cup\u00e9ration automatique de la base de donn\u00e9es apr\u00e8s un &#8220;accident de donn\u00e9es&#8221; (ou apr\u00e8s un crash disque ou un sinistre, sans qu&#8217;aucune solution du march\u00e9 de l&#8217;informatique de gestion ne soit mise en place dans votre entreprise)<\/li>\n<\/ul>\n<p style=\"text-align: center;\">A ce jour, 3 logiciels sont disponibles : <a href=\"https:\/\/www.m81.eu\/fr\/flash-for-i\/\">FLASH for i<\/a>, <a href=\"https:\/\/www.m81.eu\/fr\/control-for-i\/\">CONTROL for i<\/a><\/p>\n<p style=\"text-align: center;\">(d\u2019autres logiciels sont en cours de pr\u00e9paration pour une commercialisation dans les prochains mois)<\/p>\n<hr \/>\n<blockquote>\n<p style=\"text-align: center;\">&gt; Vous trouverez un r\u00e9sum\u00e9 de nos produits <a href=\"https:\/\/t2m.io\/Synthese_M81\" target=\"_blank\" rel=\"noopener noreferrer\">ici<\/a>.<\/p>\n<p style=\"text-align: center;\">&gt; Et nos vid\u00e9os de pr\u00e9sentation <a href=\"..\/our-webinar-videos\/\" rel=\"noopener noreferrer\">ici<\/a>.<\/p>\n<\/blockquote>\n<hr \/>\n<hr \/>\n<\/div><\/div><footer class=\"entry-footer\"><\/footer><\/article><\/div>\n<style type=\"text\/css\" data-created_by=\"avia_inline_auto\" id=\"style-css-av-so8f-cb0db9798c9729a9aba790822ceee7d5\">\n.flex_column.av-so8f-cb0db9798c9729a9aba790822ceee7d5{\nborder-radius:0px 0px 0px 0px;\n-webkit-border-radius:0px 0px 0px 0px;\n-moz-border-radius:0px 0px 0px 0px;\n}\n<\/style>\n<div class='flex_column av-so8f-cb0db9798c9729a9aba790822ceee7d5 av_one_fourth  avia-builder-el-2  el_after_av_one_full  el_before_av_three_fourth  first flex_column_div av-zero-column-padding column-top-margin'   ><p>\n<style type=\"text\/css\" data-created_by=\"avia_inline_auto\" id=\"style-css-av-77d67-f7cb32e12e06091561408187fb4fa8b1\">\n#top .hr.hr-invisible.av-77d67-f7cb32e12e06091561408187fb4fa8b1{\nheight:30px;\n}\n<\/style>\n<div  class='hr av-77d67-f7cb32e12e06091561408187fb4fa8b1 hr-invisible  avia-builder-el-3  el_before_av_image  avia-builder-el-first '><span class='hr-inner '><span class=\"hr-inner-style\"><\/span><\/span><\/div><br \/>\n\n<style type=\"text\/css\" data-created_by=\"avia_inline_auto\" id=\"style-css-av-kyczkvqb-2158e2fd0f94b2947f80f0b0e52caf5c\">\n.avia-image-container.av-kyczkvqb-2158e2fd0f94b2947f80f0b0e52caf5c .av-image-caption-overlay-center{\ncolor:#ffffff;\n}\n<\/style>\n<div  class='avia-image-container av-kyczkvqb-2158e2fd0f94b2947f80f0b0e52caf5c av-styling- avia-align-center  avia-builder-el-4  el_after_av_hr  el_before_av_hr '  itemprop=\"image\" itemscope=\"itemscope\" itemtype=\"https:\/\/schema.org\/ImageObject\" ><div class=\"avia-image-container-inner\"><div class=\"avia-image-overlay-wrap\"><img decoding=\"async\" class='wp-image-543 avia-img-lazy-loading-not-543 avia_image' src=\"https:\/\/www.m81.eu\/wp-content\/uploads\/2022\/01\/Photo-Pascal-Ruckebusch-295x300.jpg\" alt='' title='Photo - Pascal Ruckebusch'  height=\"300\" width=\"295\"  itemprop=\"thumbnailUrl\" srcset=\"https:\/\/www.m81.eu\/wp-content\/uploads\/2022\/01\/Photo-Pascal-Ruckebusch-295x300.jpg 295w, https:\/\/www.m81.eu\/wp-content\/uploads\/2022\/01\/Photo-Pascal-Ruckebusch-80x80.jpg 80w, https:\/\/www.m81.eu\/wp-content\/uploads\/2022\/01\/Photo-Pascal-Ruckebusch-36x36.jpg 36w, https:\/\/www.m81.eu\/wp-content\/uploads\/2022\/01\/Photo-Pascal-Ruckebusch.jpg 592w\" sizes=\"(max-width: 295px) 100vw, 295px\" \/><\/div><\/div><\/div><br \/>\n\n<style type=\"text\/css\" data-created_by=\"avia_inline_auto\" id=\"style-css-av-6rcpf-8c355c5ee066ca9266b8a67290d01f56\">\n#top .hr.hr-invisible.av-6rcpf-8c355c5ee066ca9266b8a67290d01f56{\nheight:30px;\n}\n<\/style>\n<div  class='hr av-6rcpf-8c355c5ee066ca9266b8a67290d01f56 hr-invisible  avia-builder-el-5  el_after_av_image  el_before_av_image '><span class='hr-inner '><span class=\"hr-inner-style\"><\/span><\/span><\/div><br \/>\n\n<style type=\"text\/css\" data-created_by=\"avia_inline_auto\" id=\"style-css-av-kyczm7qo-1e0525d537a8a0c32ac50616f1ab0185\">\n.avia-image-container.av-kyczm7qo-1e0525d537a8a0c32ac50616f1ab0185 .av-image-caption-overlay-center{\ncolor:#ffffff;\n}\n<\/style>\n<div  class='avia-image-container av-kyczm7qo-1e0525d537a8a0c32ac50616f1ab0185 av-styling- avia-align-center  avia-builder-el-6  el_after_av_hr  el_before_av_hr '  itemprop=\"image\" itemscope=\"itemscope\" itemtype=\"https:\/\/schema.org\/ImageObject\" ><div class=\"avia-image-container-inner\"><div class=\"avia-image-overlay-wrap\"><img decoding=\"async\" class='wp-image-51 avia-img-lazy-loading-not-51 avia_image' src=\"https:\/\/www.m81.eu\/wp-content\/uploads\/2022\/01\/IBM-i1.png\" alt='' title='IBM-i1'  height=\"100\" width=\"100\"  itemprop=\"thumbnailUrl\" srcset=\"https:\/\/www.m81.eu\/wp-content\/uploads\/2022\/01\/IBM-i1.png 100w, https:\/\/www.m81.eu\/wp-content\/uploads\/2022\/01\/IBM-i1-80x80.png 80w, https:\/\/www.m81.eu\/wp-content\/uploads\/2022\/01\/IBM-i1-36x36.png 36w\" sizes=\"(max-width: 100px) 100vw, 100px\" \/><\/div><\/div><\/div><br \/>\n\n<style type=\"text\/css\" data-created_by=\"avia_inline_auto\" id=\"style-css-av-644d3-962fea43e7538aee74ca944ae527ca44\">\n#top .hr.hr-invisible.av-644d3-962fea43e7538aee74ca944ae527ca44{\nheight:50px;\n}\n<\/style>\n<div  class='hr av-644d3-962fea43e7538aee74ca944ae527ca44 hr-invisible  avia-builder-el-7  el_after_av_image  el_before_av_image '><span class='hr-inner '><span class=\"hr-inner-style\"><\/span><\/span><\/div><br \/>\n\n<style type=\"text\/css\" data-created_by=\"avia_inline_auto\" id=\"style-css-av-kyczmg0x-33e6aa7aa69fc96bd64ea071f5c37484\">\n.avia-image-container.av-kyczmg0x-33e6aa7aa69fc96bd64ea071f5c37484 .av-image-caption-overlay-center{\ncolor:#ffffff;\n}\n<\/style>\n<div  class='avia-image-container av-kyczmg0x-33e6aa7aa69fc96bd64ea071f5c37484 av-styling- avia-align-center  avia-builder-el-8  el_after_av_hr  el_before_av_hr '  itemprop=\"image\" itemscope=\"itemscope\" itemtype=\"https:\/\/schema.org\/ImageObject\" ><div class=\"avia-image-container-inner\"><div class=\"avia-image-overlay-wrap\"><img decoding=\"async\" class='wp-image-53 avia-img-lazy-loading-not-53 avia_image' src=\"https:\/\/www.m81.eu\/wp-content\/uploads\/2022\/01\/AS400-100px.png\" alt='' title='AS400-100px'  height=\"39\" width=\"100\"  itemprop=\"thumbnailUrl\"  \/><\/div><\/div><\/div><br \/>\n\n<style type=\"text\/css\" data-created_by=\"avia_inline_auto\" id=\"style-css-av-5xvin-23c10837cb53abe5b1416e22e80bfe9a\">\n#top .hr.hr-invisible.av-5xvin-23c10837cb53abe5b1416e22e80bfe9a{\nheight:30px;\n}\n<\/style>\n<div  class='hr av-5xvin-23c10837cb53abe5b1416e22e80bfe9a hr-invisible  avia-builder-el-9  el_after_av_image  el_before_av_image '><span class='hr-inner '><span class=\"hr-inner-style\"><\/span><\/span><\/div><br \/>\n\n<style type=\"text\/css\" data-created_by=\"avia_inline_auto\" id=\"style-css-av-kycznj20-e3b4a7ca1d3cf55a1930f3234d531943\">\n.avia-image-container.av-kycznj20-e3b4a7ca1d3cf55a1930f3234d531943 .av-image-caption-overlay-center{\ncolor:#ffffff;\n}\n<\/style>\n<div  class='avia-image-container av-kycznj20-e3b4a7ca1d3cf55a1930f3234d531943 av-styling- avia-align-center  avia-builder-el-10  el_after_av_hr  el_before_av_hr '  itemprop=\"image\" itemscope=\"itemscope\" itemtype=\"https:\/\/schema.org\/ImageObject\" ><div class=\"avia-image-container-inner\"><div class=\"avia-image-overlay-wrap\"><img decoding=\"async\" class='wp-image-49 avia-img-lazy-loading-not-49 avia_image' src=\"https:\/\/www.m81.eu\/wp-content\/uploads\/2022\/01\/IBM_i5-OS.png\" alt='' title='IBM_i5-OS'  height=\"51\" width=\"100\"  itemprop=\"thumbnailUrl\"  \/><\/div><\/div><\/div><br \/>\n\n<style type=\"text\/css\" data-created_by=\"avia_inline_auto\" id=\"style-css-av-52ghz-2a751b4b7c6a59ef4a006181009d5036\">\n#top .hr.hr-invisible.av-52ghz-2a751b4b7c6a59ef4a006181009d5036{\nheight:30px;\n}\n<\/style>\n<div  class='hr av-52ghz-2a751b4b7c6a59ef4a006181009d5036 hr-invisible  avia-builder-el-11  el_after_av_image  el_before_av_image '><span class='hr-inner '><span class=\"hr-inner-style\"><\/span><\/span><\/div><br \/>\n\n<style type=\"text\/css\" data-created_by=\"avia_inline_auto\" id=\"style-css-av-kyczo5ji-7d7610d2a5b5d21e1ae4e6caedcc7b23\">\n.avia-image-container.av-kyczo5ji-7d7610d2a5b5d21e1ae4e6caedcc7b23 .av-image-caption-overlay-center{\ncolor:#ffffff;\n}\n<\/style>\n<div  class='avia-image-container av-kyczo5ji-7d7610d2a5b5d21e1ae4e6caedcc7b23 av-styling- avia-align-center  avia-builder-el-12  el_after_av_hr  el_before_av_hr '  itemprop=\"image\" itemscope=\"itemscope\" itemtype=\"https:\/\/schema.org\/ImageObject\" ><div class=\"avia-image-container-inner\"><div class=\"avia-image-overlay-wrap\"><img decoding=\"async\" class='wp-image-77 avia-img-lazy-loading-not-77 avia_image' src=\"https:\/\/www.m81.eu\/wp-content\/uploads\/2022\/01\/IBM-Storage-300x77.png\" alt='' title='IBM-Storage'  height=\"77\" width=\"300\"  itemprop=\"thumbnailUrl\" srcset=\"https:\/\/www.m81.eu\/wp-content\/uploads\/2022\/01\/IBM-Storage-300x77.png 300w, https:\/\/www.m81.eu\/wp-content\/uploads\/2022\/01\/IBM-Storage.png 401w\" sizes=\"(max-width: 300px) 100vw, 300px\" \/><\/div><\/div><\/div><br \/>\n\n<style type=\"text\/css\" data-created_by=\"avia_inline_auto\" id=\"style-css-av-4d0iz-0655d52f221e154a61777fe166dec429\">\n#top .hr.hr-invisible.av-4d0iz-0655d52f221e154a61777fe166dec429{\nheight:30px;\n}\n<\/style>\n<div  class='hr av-4d0iz-0655d52f221e154a61777fe166dec429 hr-invisible  avia-builder-el-13  el_after_av_image  el_before_av_image '><span class='hr-inner '><span class=\"hr-inner-style\"><\/span><\/span><\/div><br \/>\n\n<style type=\"text\/css\" data-created_by=\"avia_inline_auto\" id=\"style-css-av-kyczogdz-492edad9934d284716a83c9c633345b8\">\n.avia-image-container.av-kyczogdz-492edad9934d284716a83c9c633345b8 .av-image-caption-overlay-center{\ncolor:#ffffff;\n}\n<\/style>\n<div  class='avia-image-container av-kyczogdz-492edad9934d284716a83c9c633345b8 av-styling- avia-align-center  avia-builder-el-14  el_after_av_hr  avia-builder-el-last '  itemprop=\"image\" itemscope=\"itemscope\" itemtype=\"https:\/\/schema.org\/ImageObject\" ><div class=\"avia-image-container-inner\"><div class=\"avia-image-overlay-wrap\"><img decoding=\"async\" class='wp-image-79 avia-img-lazy-loading-not-79 avia_image' src=\"https:\/\/www.m81.eu\/wp-content\/uploads\/2022\/01\/Dell-EMC-Vmax-300x119.png\" alt='' title='Dell-EMC-Vmax'  height=\"119\" width=\"300\"  itemprop=\"thumbnailUrl\" srcset=\"https:\/\/www.m81.eu\/wp-content\/uploads\/2022\/01\/Dell-EMC-Vmax-300x119.png 300w, https:\/\/www.m81.eu\/wp-content\/uploads\/2022\/01\/Dell-EMC-Vmax.png 514w\" sizes=\"(max-width: 300px) 100vw, 300px\" \/><\/div><\/div><\/div><\/p><\/div><\/p>\n\n<style type=\"text\/css\" data-created_by=\"avia_inline_auto\" id=\"style-css-av-3rqsb-0736abfab779f8daf4755ab1401e42b2\">\n.flex_column.av-3rqsb-0736abfab779f8daf4755ab1401e42b2{\nborder-radius:0px 0px 0px 0px;\n-webkit-border-radius:0px 0px 0px 0px;\n-moz-border-radius:0px 0px 0px 0px;\n}\n<\/style>\n<div class='flex_column av-3rqsb-0736abfab779f8daf4755ab1401e42b2 av_three_fourth  avia-builder-el-15  el_after_av_one_fourth  el_before_av_hr  flex_column_div av-zero-column-padding column-top-margin'   ><section  class='av_textblock_section av-3k9cb-39a671ad40085c735b3aa363147e8cb0'  itemscope=\"itemscope\" itemtype=\"https:\/\/schema.org\/CreativeWork\" ><div class='avia_textblock'  itemprop=\"text\" ><h2>Notre \u00e9quipe<\/h2>\n<p style=\"text-align: justify;\">L\u2019\u00e9quipe est constitu\u00e9e de d\u00e9veloppeurs et de consultants ayant une grande exp\u00e9rience de l\u2019IBM i, depuis de nombreuses ann\u00e9es, avec des comp\u00e9tences et un savoir-faire reconnu dans des domaines aussi vari\u00e9s que le syst\u00e8me d\u2019exploitation IBM i, les performances et la s\u00e9curit\u00e9, les Storwizes et SVC, les logiciels de haute disponibilit\u00e9, \u2026<\/p>\n<p style=\"text-align: justify;\">Pascal Ruckebusch, dirigeant de M81, a commenc\u00e9 sa carri\u00e8re dans la soci\u00e9t\u00e9 Info3D (59), puis a \u00e9t\u00e9 Directeur Technique de Diane Informatique Solution (51) et d\u2019ACT400 (92). Toutes ces soci\u00e9t\u00e9s \u00e9taient connues pour leur tr\u00e8s forte technicit\u00e9 dans le monde AS\/400, iSeries, i5\/OS et enfin IBM i.<\/p>\n<p style=\"text-align: justify;\">Pascal a notamment \u00e9t\u00e9 formateur aupr\u00e8s des partenaires commerciaux d\u2019IBM pour la formation pr\u00e9alable \u00e0 l\u2019obtention de la certification \u00ab POWER IBM i \u00bb.<br \/>\nIl a aussi \u00e9t\u00e9 Product Manager pour le produit ADRES (Logiciel d\u2019aide \u00e0 l\u2019exploitation OS\/400 sur des sites multiples en APPC) qui a \u00e9t\u00e9 mis au catalogue d\u2019IBM dans les ann\u00e9es 90 sous le nom de SAT (System Administration Tool).<\/p>\n<p style=\"text-align: justify;\">Ainsi, les produits con\u00e7us\/maintenus par Pascal \u00e9quipent plus de 1300 partitions OS400\/IBM i dont plus de 300 avec des produits M81 (plus de 150 clients et partenaires ont d\u00e9j\u00e0 fait confiance \u00e0 M81) !<\/p>\n<p style=\"text-align: justify;\">Nos bureaux sont situ\u00e9s \u00e0 Lyon, et nous intervenons sur l\u2019ensemble de la France, en Europe et dans le Monde.<\/p>\n<h3 style=\"text-align: justify;\">SERVICES R\u00c9ALIS\u00c9S PAR M81<\/h3>\n<p style=\"text-align: justify;\">Les interventions r\u00e9alis\u00e9es par M81 sont celles li\u00e9es \u00e0 la mise en \u0153uvre de nos produits FLASH for i et CONTROL for i sur le syst\u00e8me d\u2019exploitation IBM i ainsi que sur les diff\u00e9rents mat\u00e9riels et syst\u00e8mes qui sont maintenant li\u00e9s \u00e0 l\u2019IBM i, tels que Storwize, SVC, Switchs SAN, VIOS, HMC, \u2026 Ainsi qu\u2019\u00e0 la formation de nos partenaires.<\/p>\n<ul>\n<li style=\"text-align: justify;\">Installations, tests, validations des produits<\/li>\n<li style=\"text-align: justify;\">Transfert de comp\u00e9tences<\/li>\n<li style=\"text-align: justify;\">Mise en \u0153uvre des fonctions souhait\u00e9es par le client<\/li>\n<li style=\"text-align: justify;\">Analyse de nouveaux besoins<\/li>\n<li style=\"text-align: justify;\">Assistance et Conseil<\/li>\n<li style=\"text-align: justify;\">Support t\u00e9l\u00e9phonique et r\u00e9solution d\u2019incidents<\/li>\n<li style=\"text-align: justify;\">Prise de main \u00e0 distance<\/li>\n<li style=\"text-align: justify;\">Fourniture des correctifs, des \u00e9volutions des produits et des nouvelles versions<\/li>\n<\/ul>\n<\/div><\/section><\/div>\n<style type=\"text\/css\" data-created_by=\"avia_inline_auto\" id=\"style-css-av-2vwsr-32ca25d916757aefca012d46219a39a7\">\n#top .hr.hr-invisible.av-2vwsr-32ca25d916757aefca012d46219a39a7{\nheight:50px;\n}\n<\/style>\n<div  class='hr av-2vwsr-32ca25d916757aefca012d46219a39a7 hr-invisible  avia-builder-el-17  el_after_av_three_fourth  el_before_av_one_half '><span class='hr-inner '><span class=\"hr-inner-style\"><\/span><\/span><\/div><\/p>\n\n<style type=\"text\/css\" data-created_by=\"avia_inline_auto\" id=\"style-css-av-220er-c8a3eabeea8a511ff7396c40b437fe09\">\n#top .flex_column.av-220er-c8a3eabeea8a511ff7396c40b437fe09{\nmargin-top:50px;\nmargin-bottom:50px;\n}\n.flex_column.av-220er-c8a3eabeea8a511ff7396c40b437fe09{\nborder-radius:0px 0px 0px 0px;\n-webkit-border-radius:0px 0px 0px 0px;\n-moz-border-radius:0px 0px 0px 0px;\n}\n.responsive #top #wrap_all .flex_column.av-220er-c8a3eabeea8a511ff7396c40b437fe09{\nmargin-top:50px;\nmargin-bottom:50px;\n}\n<\/style>\n<div class='flex_column av-220er-c8a3eabeea8a511ff7396c40b437fe09 av_one_half  avia-builder-el-18  el_after_av_hr  el_before_av_one_half  first flex_column_div av-zero-column-padding '   ><style type=\"text\/css\" data-created_by=\"avia_inline_auto\" id=\"style-css-av-kyczp1za-d2a92e322a1941d946688799ebc20924\">\n.avia-image-container.av-kyczp1za-d2a92e322a1941d946688799ebc20924 .av-image-caption-overlay-center{\ncolor:#ffffff;\n}\n<\/style>\n<div  class='avia-image-container av-kyczp1za-d2a92e322a1941d946688799ebc20924 av-styling- avia-align-center  avia-builder-el-19  avia-builder-el-no-sibling '  itemprop=\"image\" itemscope=\"itemscope\" itemtype=\"https:\/\/schema.org\/ImageObject\" ><div class=\"avia-image-container-inner\"><div class=\"avia-image-overlay-wrap\"><a href=\"https:\/\/www.m81.eu\/fr\/flash-for-i\/\" class='avia_image' ><img decoding=\"async\" width=\"300\" height=\"160\" class='wp-image-64 avia-img-lazy-loading-not-64 avia_image' src=\"https:\/\/www.m81.eu\/wp-content\/uploads\/2022\/01\/LOGO_Flash-for-i-400px1-300x160-1.png\" alt='' title='LOGO_Flash-for-i-400px1-300x160'  itemprop=\"thumbnailUrl\"  \/><\/a><\/div><\/div><\/div><\/div>\n\n<style type=\"text\/css\" data-created_by=\"avia_inline_auto\" id=\"style-css-av-1i77r-4a507a0533095cbc2279ebff5d3ba71d\">\n#top .flex_column.av-1i77r-4a507a0533095cbc2279ebff5d3ba71d{\nmargin-top:50px;\nmargin-bottom:50px;\n}\n.flex_column.av-1i77r-4a507a0533095cbc2279ebff5d3ba71d{\nborder-radius:0px 0px 0px 0px;\n-webkit-border-radius:0px 0px 0px 0px;\n-moz-border-radius:0px 0px 0px 0px;\n}\n.responsive #top #wrap_all .flex_column.av-1i77r-4a507a0533095cbc2279ebff5d3ba71d{\nmargin-top:50px;\nmargin-bottom:50px;\n}\n<\/style>\n<div class='flex_column av-1i77r-4a507a0533095cbc2279ebff5d3ba71d av_one_half  avia-builder-el-20  el_after_av_one_half  avia-builder-el-last  flex_column_div av-zero-column-padding '   ><style type=\"text\/css\" data-created_by=\"avia_inline_auto\" id=\"style-css-av-kyczp9u6-9201ea4e5965a1cfe3cb307619e6f15d\">\n.avia-image-container.av-kyczp9u6-9201ea4e5965a1cfe3cb307619e6f15d .av-image-caption-overlay-center{\ncolor:#ffffff;\n}\n<\/style>\n<div  class='avia-image-container av-kyczp9u6-9201ea4e5965a1cfe3cb307619e6f15d av-styling- avia-align-center  avia-builder-el-21  avia-builder-el-no-sibling '  itemprop=\"image\" itemscope=\"itemscope\" itemtype=\"https:\/\/schema.org\/ImageObject\" ><div class=\"avia-image-container-inner\"><div class=\"avia-image-overlay-wrap\"><a href=\"https:\/\/www.m81.eu\/fr\/control-for-i\/\" class='avia_image' ><img decoding=\"async\" width=\"300\" height=\"109\" class='wp-image-62 avia-img-lazy-loading-not-62 avia_image' src=\"https:\/\/www.m81.eu\/wp-content\/uploads\/2022\/01\/LOGO_Control-for-i_300px-300x109-1.png\" alt='' title='LOGO_Control-for-i_300px-300x109'  itemprop=\"thumbnailUrl\"  \/><\/a><\/div><\/div><\/div><\/div>\n","protected":false},"excerpt":{"rendered":"","protected":false},"author":1,"featured_media":0,"parent":0,"menu_order":0,"comment_status":"closed","ping_status":"closed","template":"","meta":{"footnotes":""},"class_list":["post-75","page","type-page","status-publish","hentry"],"yoast_head":"<!-- This site is optimized with the Yoast SEO plugin v25.6 - https:\/\/yoast.com\/wordpress\/plugins\/seo\/ -->\n<title>Pr\u00e9sentation - M81<\/title>\n<meta name=\"robots\" content=\"index, follow, max-snippet:-1, max-image-preview:large, max-video-preview:-1\" \/>\n<link rel=\"canonical\" href=\"https:\/\/www.m81.eu\/fr\/presentation\/\" \/>\n<meta property=\"og:locale\" content=\"fr_FR\" \/>\n<meta property=\"og:type\" content=\"article\" \/>\n<meta property=\"og:title\" content=\"Pr\u00e9sentation - M81\" \/>\n<meta property=\"og:url\" content=\"https:\/\/www.m81.eu\/fr\/presentation\/\" \/>\n<meta property=\"og:site_name\" content=\"M81\" \/>\n<meta property=\"article:modified_time\" content=\"2024-06-03T15:18:46+00:00\" \/>\n<meta name=\"twitter:card\" content=\"summary_large_image\" \/>\n<meta name=\"twitter:label1\" content=\"Dur\u00e9e de lecture estim\u00e9e\" \/>\n\t<meta name=\"twitter:data1\" content=\"11 minutes\" \/>\n<script type=\"application\/ld+json\" class=\"yoast-schema-graph\">{\"@context\":\"https:\/\/schema.org\",\"@graph\":[{\"@type\":\"WebPage\",\"@id\":\"https:\/\/www.m81.eu\/fr\/presentation\/\",\"url\":\"https:\/\/www.m81.eu\/fr\/presentation\/\",\"name\":\"Pr\u00e9sentation - M81\",\"isPartOf\":{\"@id\":\"https:\/\/www.m81.eu\/#website\"},\"datePublished\":\"2022-01-13T13:10:49+00:00\",\"dateModified\":\"2024-06-03T15:18:46+00:00\",\"breadcrumb\":{\"@id\":\"https:\/\/www.m81.eu\/fr\/presentation\/#breadcrumb\"},\"inLanguage\":\"fr-FR\",\"potentialAction\":[{\"@type\":\"ReadAction\",\"target\":[\"https:\/\/www.m81.eu\/fr\/presentation\/\"]}]},{\"@type\":\"BreadcrumbList\",\"@id\":\"https:\/\/www.m81.eu\/fr\/presentation\/#breadcrumb\",\"itemListElement\":[{\"@type\":\"ListItem\",\"position\":1,\"name\":\"Accueil\",\"item\":\"https:\/\/www.m81.eu\/fr\/accueil\/\"},{\"@type\":\"ListItem\",\"position\":2,\"name\":\"Pr\u00e9sentation\"}]},{\"@type\":\"WebSite\",\"@id\":\"https:\/\/www.m81.eu\/#website\",\"url\":\"https:\/\/www.m81.eu\/\",\"name\":\"M81\",\"description\":\"M81 - IBM i EDITOR\",\"publisher\":{\"@id\":\"https:\/\/www.m81.eu\/#organization\"},\"potentialAction\":[{\"@type\":\"SearchAction\",\"target\":{\"@type\":\"EntryPoint\",\"urlTemplate\":\"https:\/\/www.m81.eu\/?s={search_term_string}\"},\"query-input\":{\"@type\":\"PropertyValueSpecification\",\"valueRequired\":true,\"valueName\":\"search_term_string\"}}],\"inLanguage\":\"fr-FR\"},{\"@type\":\"Organization\",\"@id\":\"https:\/\/www.m81.eu\/#organization\",\"name\":\"M81\",\"url\":\"https:\/\/www.m81.eu\/\",\"logo\":{\"@type\":\"ImageObject\",\"inLanguage\":\"fr-FR\",\"@id\":\"https:\/\/www.m81.eu\/#\/schema\/logo\/image\/\",\"url\":\"https:\/\/m81-2022.m81.eu\/wp-content\/uploads\/2022\/01\/Logo_M81.jpg\",\"contentUrl\":\"https:\/\/m81-2022.m81.eu\/wp-content\/uploads\/2022\/01\/Logo_M81.jpg\",\"width\":458,\"height\":252,\"caption\":\"M81\"},\"image\":{\"@id\":\"https:\/\/www.m81.eu\/#\/schema\/logo\/image\/\"}}]}<\/script>\n<!-- \/ Yoast SEO plugin. -->","yoast_head_json":{"title":"Pr\u00e9sentation - M81","robots":{"index":"index","follow":"follow","max-snippet":"max-snippet:-1","max-image-preview":"max-image-preview:large","max-video-preview":"max-video-preview:-1"},"canonical":"https:\/\/www.m81.eu\/fr\/presentation\/","og_locale":"fr_FR","og_type":"article","og_title":"Pr\u00e9sentation - M81","og_url":"https:\/\/www.m81.eu\/fr\/presentation\/","og_site_name":"M81","article_modified_time":"2024-06-03T15:18:46+00:00","twitter_card":"summary_large_image","twitter_misc":{"Dur\u00e9e de lecture estim\u00e9e":"11 minutes"},"schema":{"@context":"https:\/\/schema.org","@graph":[{"@type":"WebPage","@id":"https:\/\/www.m81.eu\/fr\/presentation\/","url":"https:\/\/www.m81.eu\/fr\/presentation\/","name":"Pr\u00e9sentation - M81","isPartOf":{"@id":"https:\/\/www.m81.eu\/#website"},"datePublished":"2022-01-13T13:10:49+00:00","dateModified":"2024-06-03T15:18:46+00:00","breadcrumb":{"@id":"https:\/\/www.m81.eu\/fr\/presentation\/#breadcrumb"},"inLanguage":"fr-FR","potentialAction":[{"@type":"ReadAction","target":["https:\/\/www.m81.eu\/fr\/presentation\/"]}]},{"@type":"BreadcrumbList","@id":"https:\/\/www.m81.eu\/fr\/presentation\/#breadcrumb","itemListElement":[{"@type":"ListItem","position":1,"name":"Accueil","item":"https:\/\/www.m81.eu\/fr\/accueil\/"},{"@type":"ListItem","position":2,"name":"Pr\u00e9sentation"}]},{"@type":"WebSite","@id":"https:\/\/www.m81.eu\/#website","url":"https:\/\/www.m81.eu\/","name":"M81","description":"M81 - IBM i EDITOR","publisher":{"@id":"https:\/\/www.m81.eu\/#organization"},"potentialAction":[{"@type":"SearchAction","target":{"@type":"EntryPoint","urlTemplate":"https:\/\/www.m81.eu\/?s={search_term_string}"},"query-input":{"@type":"PropertyValueSpecification","valueRequired":true,"valueName":"search_term_string"}}],"inLanguage":"fr-FR"},{"@type":"Organization","@id":"https:\/\/www.m81.eu\/#organization","name":"M81","url":"https:\/\/www.m81.eu\/","logo":{"@type":"ImageObject","inLanguage":"fr-FR","@id":"https:\/\/www.m81.eu\/#\/schema\/logo\/image\/","url":"https:\/\/m81-2022.m81.eu\/wp-content\/uploads\/2022\/01\/Logo_M81.jpg","contentUrl":"https:\/\/m81-2022.m81.eu\/wp-content\/uploads\/2022\/01\/Logo_M81.jpg","width":458,"height":252,"caption":"M81"},"image":{"@id":"https:\/\/www.m81.eu\/#\/schema\/logo\/image\/"}}]}},"_links":{"self":[{"href":"https:\/\/www.m81.eu\/fr\/wp-json\/wp\/v2\/pages\/75","targetHints":{"allow":["GET"]}}],"collection":[{"href":"https:\/\/www.m81.eu\/fr\/wp-json\/wp\/v2\/pages"}],"about":[{"href":"https:\/\/www.m81.eu\/fr\/wp-json\/wp\/v2\/types\/page"}],"author":[{"embeddable":true,"href":"https:\/\/www.m81.eu\/fr\/wp-json\/wp\/v2\/users\/1"}],"replies":[{"embeddable":true,"href":"https:\/\/www.m81.eu\/fr\/wp-json\/wp\/v2\/comments?post=75"}],"version-history":[{"count":13,"href":"https:\/\/www.m81.eu\/fr\/wp-json\/wp\/v2\/pages\/75\/revisions"}],"predecessor-version":[{"id":5997,"href":"https:\/\/www.m81.eu\/fr\/wp-json\/wp\/v2\/pages\/75\/revisions\/5997"}],"wp:attachment":[{"href":"https:\/\/www.m81.eu\/fr\/wp-json\/wp\/v2\/media?parent=75"}],"curies":[{"name":"wp","href":"https:\/\/api.w.org\/{rel}","templated":true}]}}